{"id":79,"date":"2013-12-06T11:08:05","date_gmt":"2013-12-06T11:08:05","guid":{"rendered":"http:\/\/academiacidada.org\/?page_id=79"},"modified":"2026-03-07T09:01:58","modified_gmt":"2026-03-07T09:01:58","slug":"contribuir","status":"publish","type":"page","link":"https:\/\/academiacidada.org\/en\/contribuir\/","title":{"rendered":"Donate"},"content":{"rendered":"<p><\/p>\n\n\n\n<h2 class=\"wp-block-heading\">Bank transfer:<\/h2>\n\n\n\n<p>IBAN: PT50003501000003167493080<br \/>BIC SWIFT: CGDIPTPL <br \/>Bank: Caixa Geral de Dep\u00f3sitos<\/p>\n\n\n\n<p><em>For receipt, send transfer document to&nbsp;<a href=\"mailto:info@academiacidada.org\" target=\"_blank\" rel=\"noreferrer noopener\">info@academiacidada.org<\/a> with name, address and, if applicable, VAT number <\/em><\/p>\n\n\n\n<div style=\"height:20px\" aria-hidden=\"true\" class=\"wp-block-spacer\"><\/div>\n\n\n\n<hr class=\"wp-block-separator has-css-opacity\"\/>\n\n\n\n<div style=\"height:20px\" aria-hidden=\"true\" class=\"wp-block-spacer\"><\/div>\n\n\n\n<h2 class=\"wp-block-heading\">Patreon:<\/h2>\n\n\n\n<figure class=\"wp-block-image size-large is-resized\"><a href=\"https:\/\/www.patreon.com\/join\/academiacidada\/checkout\" target=\"_blank\" rel=\"noreferrer noopener\"><img data-recalc-dims=\"1\" loading=\"lazy\" decoding=\"async\" width=\"1024\" height=\"576\" data-attachment-id=\"4088\" data-permalink=\"https:\/\/academiacidada.org\/en\/contribuir\/patreon\/\" data-orig-file=\"https:\/\/i0.wp.com\/academiacidada.org\/wp-content\/uploads\/2020\/01\/Patreon.jpg?fit=1200%2C675&amp;ssl=1\" data-orig-size=\"1200,675\" data-comments-opened=\"1\" data-image-meta=\"{&quot;aperture&quot;:&quot;0&quot;,&quot;credit&quot;:&quot;&quot;,&quot;camera&quot;:&quot;&quot;,&quot;caption&quot;:&quot;&quot;,&quot;created_timestamp&quot;:&quot;0&quot;,&quot;copyright&quot;:&quot;&quot;,&quot;focal_length&quot;:&quot;0&quot;,&quot;iso&quot;:&quot;0&quot;,&quot;shutter_speed&quot;:&quot;0&quot;,&quot;title&quot;:&quot;&quot;,&quot;orientation&quot;:&quot;0&quot;}\" data-image-title=\"Patreon\" data-image-description=\"\" data-image-caption=\"\" data-medium-file=\"https:\/\/i0.wp.com\/academiacidada.org\/wp-content\/uploads\/2020\/01\/Patreon.jpg?fit=300%2C169&amp;ssl=1\" data-large-file=\"https:\/\/i0.wp.com\/academiacidada.org\/wp-content\/uploads\/2020\/01\/Patreon.jpg?fit=1024%2C576&amp;ssl=1\" src=\"https:\/\/i0.wp.com\/academiacidada.org\/wp-content\/uploads\/2020\/01\/Patreon.jpg?resize=1024%2C576&#038;ssl=1\" alt=\"\" class=\"wp-image-4088\" style=\"width:285px;height:auto\" srcset=\"https:\/\/i0.wp.com\/academiacidada.org\/wp-content\/uploads\/2020\/01\/Patreon.jpg?resize=1024%2C576&amp;ssl=1 1024w, https:\/\/i0.wp.com\/academiacidada.org\/wp-content\/uploads\/2020\/01\/Patreon.jpg?resize=300%2C169&amp;ssl=1 300w, https:\/\/i0.wp.com\/academiacidada.org\/wp-content\/uploads\/2020\/01\/Patreon.jpg?resize=768%2C432&amp;ssl=1 768w, https:\/\/i0.wp.com\/academiacidada.org\/wp-content\/uploads\/2020\/01\/Patreon.jpg?w=1200&amp;ssl=1 1200w\" sizes=\"auto, (max-width: 1024px) 100vw, 1024px\" \/><\/a><\/figure>\n\n\n\n<div style=\"height:20px\" aria-hidden=\"true\" class=\"wp-block-spacer\"><\/div>\n\n\n\n<hr class=\"wp-block-separator has-css-opacity\"\/>\n\n\n\n<div style=\"height:20px\" aria-hidden=\"true\" class=\"wp-block-spacer\"><\/div>\n\n\n\n<h2 class=\"wp-block-heading\">PayPal<\/h2>\n\n\n\n<form action=\"https:\/\/www.paypal.com\/cgi-bin\/webscr\" method=\"post\" target=\"_top\">\n<input type=\"hidden\" name=\"cmd\" value=\"_s-xclick\"\/>\n<input type=\"hidden\" name=\"hosted_button_id\" value=\"UNXJXXZKTJGML\"\/>\n<input type=\"image\" src=\"https:\/\/www.paypalobjects.com\/pt_PT\/PT\/i\/btn\/btn_donateCC_LG.gif\" name=\"submit\" title=\"PayPal - The safer, easier way to pay online!\" alt=\"Fa\u00e7a donativos com o bot\u00e3o PayPal\" border=\"0\"\/>\n<img data-recalc-dims=\"1\" loading=\"lazy\" decoding=\"async\" alt=\"\" src=\"https:\/\/i0.wp.com\/www.paypal.com\/pt_PT\/i\/scr\/pixel.gif?resize=1%2C1&#038;ssl=1\" width=\"1\" height=\"1\" border=\"0\"\/>\n<\/form>\n\n\n\n<hr class=\"wp-block-separator has-css-opacity\"\/>\n\n\n\n<div style=\"height:20px\" aria-hidden=\"true\" class=\"wp-block-spacer\"><\/div>","protected":false},"excerpt":{"rendered":"<p>Bank transfer: IBAN: PT50003501000003167493080BIC SWIFT: CGDIPTPL Bank: Caixa Geral de Dep\u00f3sitos For receipt, send transfer document to&nbsp;info@academiacidada.org with name, address and, if applicable, VAT number Patreon: PayPal<\/p>\n","protected":false},"author":1,"featured_media":1187,"parent":0,"menu_order":0,"comment_status":"closed","ping_status":"closed","template":"","meta":{"jetpack_post_was_ever_published":true,"footnotes":""},"class_list":["post-79","page","type-page","status-publish","has-post-thumbnail","czr-hentry"],"yoast_head":"<!-- This site is optimized with the Yoast SEO plugin v27.3 - https:\/\/yoast.com\/product\/yoast-seo-wordpress\/ -->\n<title>Donate - Citizenship Academy<\/title>\n<meta name=\"robots\" content=\"index, follow, max-snippet:-1, max-image-preview:large, max-video-preview:-1\" \/>\n<link rel=\"canonical\" href=\"https:\/\/academiacidada.org\/contribuir\/\" \/>\n<meta property=\"og:locale\" content=\"en_US\" \/>\n<meta property=\"og:type\" content=\"article\" \/>\n<meta property=\"og:title\" content=\"Donate - Citizenship Academy\" \/>\n<meta property=\"og:description\" content=\"Bank transfer: IBAN: PT50003501000003167493080BIC SWIFT: CGDIPTPL Bank: Caixa Geral de Dep\u00f3sitos For receipt, send transfer document to&nbsp;info@academiacidada.org with name, address and, if applicable, VAT number Patreon: PayPal\" \/>\n<meta property=\"og:url\" content=\"https:\/\/academiacidada.org\/contribuir\/\" \/>\n<meta property=\"og:site_name\" content=\"Citizenship Academy\" \/>\n<meta property=\"article:publisher\" content=\"https:\/\/www.facebook.com\/AcademiaCidada\/\" \/>\n<meta property=\"article:modified_time\" content=\"2026-03-07T09:01:58+00:00\" \/>\n<meta property=\"og:image\" content=\"https:\/\/academiacidada.org\/wp-content\/uploads\/2015\/11\/Donate2.jpg\" \/>\n\t<meta property=\"og:image:width\" content=\"1200\" \/>\n\t<meta property=\"og:image:height\" content=\"600\" \/>\n\t<meta property=\"og:image:type\" content=\"image\/jpeg\" \/>\n<meta name=\"twitter:card\" content=\"summary_large_image\" \/>\n<meta name=\"twitter:site\" content=\"@academiacidada\" \/>\n<meta name=\"twitter:label1\" content=\"Est. reading time\" \/>\n\t<meta name=\"twitter:data1\" content=\"1 minute\" \/>\n<script type=\"application\/ld+json\" class=\"yoast-schema-graph\">{\"@context\":\"https:\\\/\\\/schema.org\",\"@graph\":[{\"@type\":\"WebPage\",\"@id\":\"https:\\\/\\\/academiacidada.org\\\/contribuir\\\/\",\"url\":\"https:\\\/\\\/academiacidada.org\\\/contribuir\\\/\",\"name\":\"Donate - Citizenship Academy\",\"isPartOf\":{\"@id\":\"https:\\\/\\\/academiacidada.org\\\/#website\"},\"primaryImageOfPage\":{\"@id\":\"https:\\\/\\\/academiacidada.org\\\/contribuir\\\/#primaryimage\"},\"image\":{\"@id\":\"https:\\\/\\\/academiacidada.org\\\/contribuir\\\/#primaryimage\"},\"thumbnailUrl\":\"https:\\\/\\\/i0.wp.com\\\/academiacidada.org\\\/wp-content\\\/uploads\\\/2015\\\/11\\\/Donate2.jpg?fit=1200%2C600&ssl=1\",\"datePublished\":\"2013-12-06T11:08:05+00:00\",\"dateModified\":\"2026-03-07T09:01:58+00:00\",\"breadcrumb\":{\"@id\":\"https:\\\/\\\/academiacidada.org\\\/contribuir\\\/#breadcrumb\"},\"inLanguage\":\"en-US\",\"potentialAction\":[{\"@type\":\"ReadAction\",\"target\":[\"https:\\\/\\\/academiacidada.org\\\/contribuir\\\/\"]}]},{\"@type\":\"ImageObject\",\"inLanguage\":\"en-US\",\"@id\":\"https:\\\/\\\/academiacidada.org\\\/contribuir\\\/#primaryimage\",\"url\":\"https:\\\/\\\/i0.wp.com\\\/academiacidada.org\\\/wp-content\\\/uploads\\\/2015\\\/11\\\/Donate2.jpg?fit=1200%2C600&ssl=1\",\"contentUrl\":\"https:\\\/\\\/i0.wp.com\\\/academiacidada.org\\\/wp-content\\\/uploads\\\/2015\\\/11\\\/Donate2.jpg?fit=1200%2C600&ssl=1\",\"width\":1200,\"height\":600},{\"@type\":\"BreadcrumbList\",\"@id\":\"https:\\\/\\\/academiacidada.org\\\/contribuir\\\/#breadcrumb\",\"itemListElement\":[{\"@type\":\"ListItem\",\"position\":1,\"name\":\"In\u00edcio\",\"item\":\"https:\\\/\\\/academiacidada.org\\\/\"},{\"@type\":\"ListItem\",\"position\":2,\"name\":\"Apoiar\"}]},{\"@type\":\"WebSite\",\"@id\":\"https:\\\/\\\/academiacidada.org\\\/#website\",\"url\":\"https:\\\/\\\/academiacidada.org\\\/\",\"name\":\"Citizenship Academy\",\"description\":\"Learning and action for citizenship\",\"publisher\":{\"@id\":\"https:\\\/\\\/academiacidada.org\\\/#organization\"},\"potentialAction\":[{\"@type\":\"SearchAction\",\"target\":{\"@type\":\"EntryPoint\",\"urlTemplate\":\"https:\\\/\\\/academiacidada.org\\\/?s={search_term_string}\"},\"query-input\":{\"@type\":\"PropertyValueSpecification\",\"valueRequired\":true,\"valueName\":\"search_term_string\"}}],\"inLanguage\":\"en-US\"},{\"@type\":\"Organization\",\"@id\":\"https:\\\/\\\/academiacidada.org\\\/#organization\",\"name\":\"Citizenship Academy\",\"url\":\"https:\\\/\\\/academiacidada.org\\\/\",\"logo\":{\"@type\":\"ImageObject\",\"inLanguage\":\"en-US\",\"@id\":\"https:\\\/\\\/academiacidada.org\\\/#\\\/schema\\\/logo\\\/image\\\/\",\"url\":\"https:\\\/\\\/i0.wp.com\\\/academiacidada.org\\\/wp-content\\\/uploads\\\/2015\\\/11\\\/Logo-vector-horizontal-EN-PT1.png?fit=846%2C392&ssl=1\",\"contentUrl\":\"https:\\\/\\\/i0.wp.com\\\/academiacidada.org\\\/wp-content\\\/uploads\\\/2015\\\/11\\\/Logo-vector-horizontal-EN-PT1.png?fit=846%2C392&ssl=1\",\"width\":846,\"height\":392,\"caption\":\"Citizenship Academy\"},\"image\":{\"@id\":\"https:\\\/\\\/academiacidada.org\\\/#\\\/schema\\\/logo\\\/image\\\/\"},\"sameAs\":[\"https:\\\/\\\/www.facebook.com\\\/AcademiaCidada\\\/\",\"https:\\\/\\\/x.com\\\/academiacidada\",\"https:\\\/\\\/www.instagram.com\\\/academiacidada\\\/\",\"https:\\\/\\\/www.linkedin.com\\\/company\\\/academia-cidad\u00e3-citizenship-academy\\\/\",\"https:\\\/\\\/www.youtube.com\\\/watch?v=7Ibm6PbmM_s&amp;amp;amp;list=PLbwodcpspez4BtHcHAMFUgwiaa1NN5qMA\"]}]}<\/script>\n<!-- \/ Yoast SEO plugin. -->","yoast_head_json":{"title":"Donate - Citizenship Academy","robots":{"index":"index","follow":"follow","max-snippet":"max-snippet:-1","max-image-preview":"max-image-preview:large","max-video-preview":"max-video-preview:-1"},"canonical":"https:\/\/academiacidada.org\/contribuir\/","og_locale":"en_US","og_type":"article","og_title":"Donate - Citizenship Academy","og_description":"Bank transfer: IBAN: PT50003501000003167493080BIC SWIFT: CGDIPTPL Bank: Caixa Geral de Dep\u00f3sitos For receipt, send transfer document to&nbsp;info@academiacidada.org with name, address and, if applicable, VAT number Patreon: PayPal","og_url":"https:\/\/academiacidada.org\/contribuir\/","og_site_name":"Citizenship Academy","article_publisher":"https:\/\/www.facebook.com\/AcademiaCidada\/","article_modified_time":"2026-03-07T09:01:58+00:00","og_image":[{"width":1200,"height":600,"url":"https:\/\/academiacidada.org\/wp-content\/uploads\/2015\/11\/Donate2.jpg","type":"image\/jpeg"}],"twitter_card":"summary_large_image","twitter_site":"@academiacidada","twitter_misc":{"Est. reading time":"1 minute"},"schema":{"@context":"https:\/\/schema.org","@graph":[{"@type":"WebPage","@id":"https:\/\/academiacidada.org\/contribuir\/","url":"https:\/\/academiacidada.org\/contribuir\/","name":"Donate - Citizenship Academy","isPartOf":{"@id":"https:\/\/academiacidada.org\/#website"},"primaryImageOfPage":{"@id":"https:\/\/academiacidada.org\/contribuir\/#primaryimage"},"image":{"@id":"https:\/\/academiacidada.org\/contribuir\/#primaryimage"},"thumbnailUrl":"https:\/\/i0.wp.com\/academiacidada.org\/wp-content\/uploads\/2015\/11\/Donate2.jpg?fit=1200%2C600&ssl=1","datePublished":"2013-12-06T11:08:05+00:00","dateModified":"2026-03-07T09:01:58+00:00","breadcrumb":{"@id":"https:\/\/academiacidada.org\/contribuir\/#breadcrumb"},"inLanguage":"en-US","potentialAction":[{"@type":"ReadAction","target":["https:\/\/academiacidada.org\/contribuir\/"]}]},{"@type":"ImageObject","inLanguage":"en-US","@id":"https:\/\/academiacidada.org\/contribuir\/#primaryimage","url":"https:\/\/i0.wp.com\/academiacidada.org\/wp-content\/uploads\/2015\/11\/Donate2.jpg?fit=1200%2C600&ssl=1","contentUrl":"https:\/\/i0.wp.com\/academiacidada.org\/wp-content\/uploads\/2015\/11\/Donate2.jpg?fit=1200%2C600&ssl=1","width":1200,"height":600},{"@type":"BreadcrumbList","@id":"https:\/\/academiacidada.org\/contribuir\/#breadcrumb","itemListElement":[{"@type":"ListItem","position":1,"name":"In\u00edcio","item":"https:\/\/academiacidada.org\/"},{"@type":"ListItem","position":2,"name":"Apoiar"}]},{"@type":"WebSite","@id":"https:\/\/academiacidada.org\/#website","url":"https:\/\/academiacidada.org\/","name":"Citizenship Academy","description":"Learning and action for citizenship","publisher":{"@id":"https:\/\/academiacidada.org\/#organization"},"potentialAction":[{"@type":"SearchAction","target":{"@type":"EntryPoint","urlTemplate":"https:\/\/academiacidada.org\/?s={search_term_string}"},"query-input":{"@type":"PropertyValueSpecification","valueRequired":true,"valueName":"search_term_string"}}],"inLanguage":"en-US"},{"@type":"Organization","@id":"https:\/\/academiacidada.org\/#organization","name":"Citizenship Academy","url":"https:\/\/academiacidada.org\/","logo":{"@type":"ImageObject","inLanguage":"en-US","@id":"https:\/\/academiacidada.org\/#\/schema\/logo\/image\/","url":"https:\/\/i0.wp.com\/academiacidada.org\/wp-content\/uploads\/2015\/11\/Logo-vector-horizontal-EN-PT1.png?fit=846%2C392&ssl=1","contentUrl":"https:\/\/i0.wp.com\/academiacidada.org\/wp-content\/uploads\/2015\/11\/Logo-vector-horizontal-EN-PT1.png?fit=846%2C392&ssl=1","width":846,"height":392,"caption":"Citizenship Academy"},"image":{"@id":"https:\/\/academiacidada.org\/#\/schema\/logo\/image\/"},"sameAs":["https:\/\/www.facebook.com\/AcademiaCidada\/","https:\/\/x.com\/academiacidada","https:\/\/www.instagram.com\/academiacidada\/","https:\/\/www.linkedin.com\/company\/academia-cidad\u00e3-citizenship-academy\/","https:\/\/www.youtube.com\/watch?v=7Ibm6PbmM_s&amp;amp;amp;list=PLbwodcpspez4BtHcHAMFUgwiaa1NN5qMA"]}]}},"jetpack_shortlink":"https:\/\/wp.me\/P5WVLn-1h","jetpack-related-posts":[{"id":59,"url":"https:\/\/academiacidada.org\/en\/contacto\/","url_meta":{"origin":79,"position":0},"title":"Contact","author":"Academia Cidad\u00e3","date":"Friday December  6th, 2013","format":false,"excerpt":"E-mail: info@academiacidada.orgPhone: (+351) 932610457","rel":"","context":"In &quot;Article&quot;","block_context":{"text":"Article","link":"https:\/\/academiacidada.org\/en\/category\/artigo\/"},"img":{"alt_text":"","src":"","width":0,"height":0},"classes":[]},{"id":710,"url":"https:\/\/academiacidada.org\/en\/nao-ao-ttip\/","url_meta":{"origin":79,"position":1},"title":"STOP TTIP Portuguese Platform","author":"Academia Cidad\u00e3","date":"Thursday March 26th, 2015","format":false,"excerpt":"STOP TTIP Portuguese Platform","rel":"","context":"Similar post","block_context":{"text":"Similar post","link":""},"img":{"alt_text":"","src":"https:\/\/i0.wp.com\/academiacidada.org\/wp-content\/uploads\/2015\/03\/STOPTTIP.jpg?fit=1000%2C576&ssl=1&resize=350%2C200","width":350,"height":200,"srcset":"https:\/\/i0.wp.com\/academiacidada.org\/wp-content\/uploads\/2015\/03\/STOPTTIP.jpg?fit=1000%2C576&ssl=1&resize=350%2C200 1x, https:\/\/i0.wp.com\/academiacidada.org\/wp-content\/uploads\/2015\/03\/STOPTTIP.jpg?fit=1000%2C576&ssl=1&resize=525%2C300 1.5x, https:\/\/i0.wp.com\/academiacidada.org\/wp-content\/uploads\/2015\/03\/STOPTTIP.jpg?fit=1000%2C576&ssl=1&resize=700%2C400 2x"},"classes":[]},{"id":29,"url":"https:\/\/academiacidada.org\/en\/polos\/","url_meta":{"origin":79,"position":2},"title":"Conceptual Poles","author":"Academia Cidad\u00e3","date":"Wednesday November 27th, 2013","format":false,"excerpt":"Get to know each pole's activities:","rel":"","context":"Similar post","block_context":{"text":"Similar post","link":""},"img":{"alt_text":"","src":"https:\/\/i0.wp.com\/academiacidada.org\/wp-content\/uploads\/2013\/11\/organograma3_ACADEMIACIDADA.gif?fit=595%2C595&ssl=1&resize=350%2C200","width":350,"height":200,"srcset":"https:\/\/i0.wp.com\/academiacidada.org\/wp-content\/uploads\/2013\/11\/organograma3_ACADEMIACIDADA.gif?fit=595%2C595&ssl=1&resize=350%2C200 1x, https:\/\/i0.wp.com\/academiacidada.org\/wp-content\/uploads\/2013\/11\/organograma3_ACADEMIACIDADA.gif?fit=595%2C595&ssl=1&resize=525%2C300 1.5x"},"classes":[]},{"id":106,"url":"https:\/\/academiacidada.org\/en\/aguapublica\/","url_meta":{"origin":79,"position":3},"title":"We Give Hands For The Public Water","author":"Academia Cidad\u00e3","date":"Friday December  6th, 2013","format":false,"excerpt":"Click in the image to know the campaign:","rel":"","context":"Similar post","block_context":{"text":"Similar post","link":""},"img":{"alt_text":"","src":"https:\/\/i0.wp.com\/academiacidada.org\/wp-content\/uploads\/2013\/12\/logo-DAMOS-MAOS-AGUA-PUBLICA-foto.gif?fit=425%2C425&ssl=1&resize=350%2C200","width":350,"height":200},"classes":[]},{"id":410,"url":"https:\/\/academiacidada.org\/en\/fazeracontecer\/","url_meta":{"origin":79,"position":4},"title":"Better than dying is Making It Happen","author":"Academia Cidad\u00e3","date":"Monday April 21st, 2014","format":false,"excerpt":"Click on the picture to see what you can win (in portuguese): \u00a0","rel":"","context":"Similar post","block_context":{"text":"Similar post","link":""},"img":{"alt_text":"","src":"https:\/\/i0.wp.com\/academiacidada.org\/wp-content\/uploads\/2014\/04\/mqf1.jpg?fit=677%2C504&ssl=1&resize=350%2C200","width":350,"height":200,"srcset":"https:\/\/i0.wp.com\/academiacidada.org\/wp-content\/uploads\/2014\/04\/mqf1.jpg?fit=677%2C504&ssl=1&resize=350%2C200 1x, https:\/\/i0.wp.com\/academiacidada.org\/wp-content\/uploads\/2014\/04\/mqf1.jpg?fit=677%2C504&ssl=1&resize=525%2C300 1.5x"},"classes":[]},{"id":2767,"url":"https:\/\/academiacidada.org\/en\/voluntariado-torna-te-ativista\/","url_meta":{"origin":79,"position":5},"title":"(Portugu\u00eas) Voluntariado &#8211; Torna-te Ativista","author":"Academia Cidad\u00e3","date":"Tuesday October 31st, 2017","format":false,"excerpt":"Sorry, this entry is only available in Portugu\u00eas. For the sake of viewer convenience, the content is shown below in the alternative language. You may click the link to switch the active language.Tens um projeto ou gostavas de ajudar nas atividades que j\u00e1 est\u00e3o a decorrer? De megafone, pincel, c\u00e2mara,\u2026","rel":"","context":"Similar post","block_context":{"text":"Similar post","link":""},"img":{"alt_text":"","src":"https:\/\/i0.wp.com\/academiacidada.org\/wp-content\/uploads\/2015\/03\/81574107-99ac-4ed8-965b-900812d9abea.jpg?fit=960%2C641&ssl=1&resize=350%2C200","width":350,"height":200,"srcset":"https:\/\/i0.wp.com\/academiacidada.org\/wp-content\/uploads\/2015\/03\/81574107-99ac-4ed8-965b-900812d9abea.jpg?fit=960%2C641&ssl=1&resize=350%2C200 1x, https:\/\/i0.wp.com\/academiacidada.org\/wp-content\/uploads\/2015\/03\/81574107-99ac-4ed8-965b-900812d9abea.jpg?fit=960%2C641&ssl=1&resize=525%2C300 1.5x, https:\/\/i0.wp.com\/academiacidada.org\/wp-content\/uploads\/2015\/03\/81574107-99ac-4ed8-965b-900812d9abea.jpg?fit=960%2C641&ssl=1&resize=700%2C400 2x"},"classes":[]}],"jetpack_likes_enabled":false,"jetpack_sharing_enabled":true,"_links":{"self":[{"href":"https:\/\/academiacidada.org\/en\/wp-json\/wp\/v2\/pages\/79","targetHints":{"allow":["GET"]}}],"collection":[{"href":"https:\/\/academiacidada.org\/en\/wp-json\/wp\/v2\/pages"}],"about":[{"href":"https:\/\/academiacidada.org\/en\/wp-json\/wp\/v2\/types\/page"}],"author":[{"embeddable":true,"href":"https:\/\/academiacidada.org\/en\/wp-json\/wp\/v2\/users\/1"}],"replies":[{"embeddable":true,"href":"https:\/\/academiacidada.org\/en\/wp-json\/wp\/v2\/comments?post=79"}],"version-history":[{"count":70,"href":"https:\/\/academiacidada.org\/en\/wp-json\/wp\/v2\/pages\/79\/revisions"}],"predecessor-version":[{"id":5537,"href":"https:\/\/academiacidada.org\/en\/wp-json\/wp\/v2\/pages\/79\/revisions\/5537"}],"wp:featuredmedia":[{"embeddable":true,"href":"https:\/\/academiacidada.org\/en\/wp-json\/wp\/v2\/media\/1187"}],"wp:attachment":[{"href":"https:\/\/academiacidada.org\/en\/wp-json\/wp\/v2\/media?parent=79"}],"curies":[{"name":"wp","href":"https:\/\/api.w.org\/{rel}","templated":true}]}}