{"id":710,"date":"2015-03-26T03:19:30","date_gmt":"2015-03-26T03:19:30","guid":{"rendered":"http:\/\/academiacidada.org\/?page_id=710"},"modified":"2015-11-15T23:02:41","modified_gmt":"2015-11-15T23:02:41","slug":"nao-ao-ttip","status":"publish","type":"page","link":"https:\/\/academiacidada.org\/en\/nao-ao-ttip\/","title":{"rendered":"STOP TTIP Portuguese Platform"},"content":{"rendered":"<p>STOP TTIP Portuguese Platform<\/p>","protected":false},"excerpt":{"rendered":"<p>STOP TTIP Portuguese Platform<\/p>\n","protected":false},"author":1,"featured_media":706,"parent":0,"menu_order":0,"comment_status":"open","ping_status":"open","template":"","meta":{"jetpack_post_was_ever_published":false,"footnotes":""},"class_list":["post-710","page","type-page","status-publish","has-post-thumbnail","czr-hentry"],"yoast_head":"<!-- This site is optimized with the Yoast SEO plugin v27.4 - https:\/\/yoast.com\/product\/yoast-seo-wordpress\/ -->\n<title>N\u00e3o ao Tratado Transatl\u00e2tico - Academia Cidad\u00e3 | Citizenship Academy<\/title>\n<meta name=\"robots\" content=\"index, follow, max-snippet:-1, max-image-preview:large, max-video-preview:-1\" \/>\n<link rel=\"canonical\" href=\"https:\/\/academiacidada.org\/nao-ao-ttip\/\" \/>\n<meta property=\"og:locale\" content=\"en_US\" \/>\n<meta property=\"og:type\" content=\"article\" \/>\n<meta property=\"og:title\" content=\"N\u00e3o ao Tratado Transatl\u00e2tico - Academia Cidad\u00e3 | Citizenship Academy\" \/>\n<meta property=\"og:description\" content=\"STOP TTIP Portuguese Platform\" \/>\n<meta property=\"og:url\" content=\"https:\/\/academiacidada.org\/nao-ao-ttip\/\" \/>\n<meta property=\"og:site_name\" content=\"Citizenship Academy\" \/>\n<meta property=\"article:publisher\" content=\"https:\/\/www.facebook.com\/AcademiaCidada\/\" \/>\n<meta property=\"article:modified_time\" content=\"2015-11-15T23:02:41+00:00\" \/>\n<meta property=\"og:image\" content=\"https:\/\/academiacidada.org\/wp-content\/uploads\/2015\/03\/STOPTTIP.jpg\" \/>\n\t<meta property=\"og:image:width\" content=\"1000\" \/>\n\t<meta property=\"og:image:height\" content=\"576\" \/>\n\t<meta property=\"og:image:type\" content=\"image\/jpeg\" \/>\n<meta name=\"twitter:card\" content=\"summary_large_image\" \/>\n<meta name=\"twitter:site\" content=\"@academiacidada\" \/>\n<script type=\"application\/ld+json\" class=\"yoast-schema-graph\">{\"@context\":\"https:\\\/\\\/schema.org\",\"@graph\":[{\"@type\":\"WebPage\",\"@id\":\"https:\\\/\\\/academiacidada.org\\\/nao-ao-ttip\\\/\",\"url\":\"https:\\\/\\\/academiacidada.org\\\/nao-ao-ttip\\\/\",\"name\":\"N\u00e3o ao Tratado Transatl\u00e2tico - Academia Cidad\u00e3 | Citizenship Academy\",\"isPartOf\":{\"@id\":\"https:\\\/\\\/academiacidada.org\\\/#website\"},\"primaryImageOfPage\":{\"@id\":\"https:\\\/\\\/academiacidada.org\\\/nao-ao-ttip\\\/#primaryimage\"},\"image\":{\"@id\":\"https:\\\/\\\/academiacidada.org\\\/nao-ao-ttip\\\/#primaryimage\"},\"thumbnailUrl\":\"https:\\\/\\\/i0.wp.com\\\/academiacidada.org\\\/wp-content\\\/uploads\\\/2015\\\/03\\\/STOPTTIP.jpg?fit=1000%2C576&ssl=1\",\"datePublished\":\"2015-03-26T03:19:30+00:00\",\"dateModified\":\"2015-11-15T23:02:41+00:00\",\"breadcrumb\":{\"@id\":\"https:\\\/\\\/academiacidada.org\\\/nao-ao-ttip\\\/#breadcrumb\"},\"inLanguage\":\"en-US\",\"potentialAction\":[{\"@type\":\"ReadAction\",\"target\":[\"https:\\\/\\\/academiacidada.org\\\/nao-ao-ttip\\\/\"]}]},{\"@type\":\"ImageObject\",\"inLanguage\":\"en-US\",\"@id\":\"https:\\\/\\\/academiacidada.org\\\/nao-ao-ttip\\\/#primaryimage\",\"url\":\"https:\\\/\\\/i0.wp.com\\\/academiacidada.org\\\/wp-content\\\/uploads\\\/2015\\\/03\\\/STOPTTIP.jpg?fit=1000%2C576&ssl=1\",\"contentUrl\":\"https:\\\/\\\/i0.wp.com\\\/academiacidada.org\\\/wp-content\\\/uploads\\\/2015\\\/03\\\/STOPTTIP.jpg?fit=1000%2C576&ssl=1\",\"width\":1000,\"height\":576},{\"@type\":\"BreadcrumbList\",\"@id\":\"https:\\\/\\\/academiacidada.org\\\/nao-ao-ttip\\\/#breadcrumb\",\"itemListElement\":[{\"@type\":\"ListItem\",\"position\":1,\"name\":\"In\u00edcio\",\"item\":\"https:\\\/\\\/academiacidada.org\\\/\"},{\"@type\":\"ListItem\",\"position\":2,\"name\":\"Plataforma N\u00e3o ao Tratado Transatl\u00e2ntico\"}]},{\"@type\":\"WebSite\",\"@id\":\"https:\\\/\\\/academiacidada.org\\\/#website\",\"url\":\"https:\\\/\\\/academiacidada.org\\\/\",\"name\":\"Citizenship Academy\",\"description\":\"Learning and action for citizenship\",\"publisher\":{\"@id\":\"https:\\\/\\\/academiacidada.org\\\/#organization\"},\"potentialAction\":[{\"@type\":\"SearchAction\",\"target\":{\"@type\":\"EntryPoint\",\"urlTemplate\":\"https:\\\/\\\/academiacidada.org\\\/?s={search_term_string}\"},\"query-input\":{\"@type\":\"PropertyValueSpecification\",\"valueRequired\":true,\"valueName\":\"search_term_string\"}}],\"inLanguage\":\"en-US\"},{\"@type\":\"Organization\",\"@id\":\"https:\\\/\\\/academiacidada.org\\\/#organization\",\"name\":\"Citizenship Academy\",\"url\":\"https:\\\/\\\/academiacidada.org\\\/\",\"logo\":{\"@type\":\"ImageObject\",\"inLanguage\":\"en-US\",\"@id\":\"https:\\\/\\\/academiacidada.org\\\/#\\\/schema\\\/logo\\\/image\\\/\",\"url\":\"https:\\\/\\\/i0.wp.com\\\/academiacidada.org\\\/wp-content\\\/uploads\\\/2015\\\/11\\\/Logo-vector-horizontal-EN-PT1.png?fit=846%2C392&ssl=1\",\"contentUrl\":\"https:\\\/\\\/i0.wp.com\\\/academiacidada.org\\\/wp-content\\\/uploads\\\/2015\\\/11\\\/Logo-vector-horizontal-EN-PT1.png?fit=846%2C392&ssl=1\",\"width\":846,\"height\":392,\"caption\":\"Citizenship Academy\"},\"image\":{\"@id\":\"https:\\\/\\\/academiacidada.org\\\/#\\\/schema\\\/logo\\\/image\\\/\"},\"sameAs\":[\"https:\\\/\\\/www.facebook.com\\\/AcademiaCidada\\\/\",\"https:\\\/\\\/x.com\\\/academiacidada\",\"https:\\\/\\\/www.instagram.com\\\/academiacidada\\\/\",\"https:\\\/\\\/www.linkedin.com\\\/company\\\/academia-cidad\u00e3-citizenship-academy\\\/\",\"https:\\\/\\\/www.youtube.com\\\/watch?v=7Ibm6PbmM_s&amp;amp;amp;list=PLbwodcpspez4BtHcHAMFUgwiaa1NN5qMA\"]}]}<\/script>\n<!-- \/ Yoast SEO plugin. -->","yoast_head_json":{"title":"N\u00e3o ao Tratado Transatl\u00e2tico - Academia Cidad\u00e3 | Citizenship Academy","robots":{"index":"index","follow":"follow","max-snippet":"max-snippet:-1","max-image-preview":"max-image-preview:large","max-video-preview":"max-video-preview:-1"},"canonical":"https:\/\/academiacidada.org\/nao-ao-ttip\/","og_locale":"en_US","og_type":"article","og_title":"N\u00e3o ao Tratado Transatl\u00e2tico - Academia Cidad\u00e3 | Citizenship Academy","og_description":"STOP TTIP Portuguese Platform","og_url":"https:\/\/academiacidada.org\/nao-ao-ttip\/","og_site_name":"Citizenship Academy","article_publisher":"https:\/\/www.facebook.com\/AcademiaCidada\/","article_modified_time":"2015-11-15T23:02:41+00:00","og_image":[{"width":1000,"height":576,"url":"https:\/\/academiacidada.org\/wp-content\/uploads\/2015\/03\/STOPTTIP.jpg","type":"image\/jpeg"}],"twitter_card":"summary_large_image","twitter_site":"@academiacidada","schema":{"@context":"https:\/\/schema.org","@graph":[{"@type":"WebPage","@id":"https:\/\/academiacidada.org\/nao-ao-ttip\/","url":"https:\/\/academiacidada.org\/nao-ao-ttip\/","name":"N\u00e3o ao Tratado Transatl\u00e2tico - Academia Cidad\u00e3 | Citizenship Academy","isPartOf":{"@id":"https:\/\/academiacidada.org\/#website"},"primaryImageOfPage":{"@id":"https:\/\/academiacidada.org\/nao-ao-ttip\/#primaryimage"},"image":{"@id":"https:\/\/academiacidada.org\/nao-ao-ttip\/#primaryimage"},"thumbnailUrl":"https:\/\/i0.wp.com\/academiacidada.org\/wp-content\/uploads\/2015\/03\/STOPTTIP.jpg?fit=1000%2C576&ssl=1","datePublished":"2015-03-26T03:19:30+00:00","dateModified":"2015-11-15T23:02:41+00:00","breadcrumb":{"@id":"https:\/\/academiacidada.org\/nao-ao-ttip\/#breadcrumb"},"inLanguage":"en-US","potentialAction":[{"@type":"ReadAction","target":["https:\/\/academiacidada.org\/nao-ao-ttip\/"]}]},{"@type":"ImageObject","inLanguage":"en-US","@id":"https:\/\/academiacidada.org\/nao-ao-ttip\/#primaryimage","url":"https:\/\/i0.wp.com\/academiacidada.org\/wp-content\/uploads\/2015\/03\/STOPTTIP.jpg?fit=1000%2C576&ssl=1","contentUrl":"https:\/\/i0.wp.com\/academiacidada.org\/wp-content\/uploads\/2015\/03\/STOPTTIP.jpg?fit=1000%2C576&ssl=1","width":1000,"height":576},{"@type":"BreadcrumbList","@id":"https:\/\/academiacidada.org\/nao-ao-ttip\/#breadcrumb","itemListElement":[{"@type":"ListItem","position":1,"name":"In\u00edcio","item":"https:\/\/academiacidada.org\/"},{"@type":"ListItem","position":2,"name":"Plataforma N\u00e3o ao Tratado Transatl\u00e2ntico"}]},{"@type":"WebSite","@id":"https:\/\/academiacidada.org\/#website","url":"https:\/\/academiacidada.org\/","name":"Citizenship Academy","description":"Learning and action for citizenship","publisher":{"@id":"https:\/\/academiacidada.org\/#organization"},"potentialAction":[{"@type":"SearchAction","target":{"@type":"EntryPoint","urlTemplate":"https:\/\/academiacidada.org\/?s={search_term_string}"},"query-input":{"@type":"PropertyValueSpecification","valueRequired":true,"valueName":"search_term_string"}}],"inLanguage":"en-US"},{"@type":"Organization","@id":"https:\/\/academiacidada.org\/#organization","name":"Citizenship Academy","url":"https:\/\/academiacidada.org\/","logo":{"@type":"ImageObject","inLanguage":"en-US","@id":"https:\/\/academiacidada.org\/#\/schema\/logo\/image\/","url":"https:\/\/i0.wp.com\/academiacidada.org\/wp-content\/uploads\/2015\/11\/Logo-vector-horizontal-EN-PT1.png?fit=846%2C392&ssl=1","contentUrl":"https:\/\/i0.wp.com\/academiacidada.org\/wp-content\/uploads\/2015\/11\/Logo-vector-horizontal-EN-PT1.png?fit=846%2C392&ssl=1","width":846,"height":392,"caption":"Citizenship Academy"},"image":{"@id":"https:\/\/academiacidada.org\/#\/schema\/logo\/image\/"},"sameAs":["https:\/\/www.facebook.com\/AcademiaCidada\/","https:\/\/x.com\/academiacidada","https:\/\/www.instagram.com\/academiacidada\/","https:\/\/www.linkedin.com\/company\/academia-cidad\u00e3-citizenship-academy\/","https:\/\/www.youtube.com\/watch?v=7Ibm6PbmM_s&amp;amp;amp;list=PLbwodcpspez4BtHcHAMFUgwiaa1NN5qMA"]}]}},"jetpack_shortlink":"https:\/\/wp.me\/P5WVLn-bs","jetpack-related-posts":[{"id":776,"url":"https:\/\/academiacidada.org\/en\/cine-cafe-transatlantico\/","url_meta":{"origin":710,"position":0},"title":"Transatlantic Cine-Caf\u00e9","author":"Academia Cidad\u00e3","date":"Thursday April  9th, 2015","format":false,"excerpt":"Every\u00a03rd Tuesday of each month, in the heart of the city (coffee Lisboa Vadia), we show documentaries followed by debates on the topics covered by the Transatlantic Treaties - TTIP, CETA and TISA.","rel":"","context":"Similar post","block_context":{"text":"Similar post","link":""},"img":{"alt_text":"","src":"https:\/\/i0.wp.com\/academiacidada.org\/wp-content\/uploads\/2015\/04\/LOGO-CINECAFE-vector.png?fit=609%2C621&ssl=1&resize=350%2C200","width":350,"height":200,"srcset":"https:\/\/i0.wp.com\/academiacidada.org\/wp-content\/uploads\/2015\/04\/LOGO-CINECAFE-vector.png?fit=609%2C621&ssl=1&resize=350%2C200 1x, https:\/\/i0.wp.com\/academiacidada.org\/wp-content\/uploads\/2015\/04\/LOGO-CINECAFE-vector.png?fit=609%2C621&ssl=1&resize=525%2C300 1.5x"},"classes":[]},{"id":410,"url":"https:\/\/academiacidada.org\/en\/fazeracontecer\/","url_meta":{"origin":710,"position":1},"title":"Better than dying is Making It Happen","author":"Academia Cidad\u00e3","date":"Monday April 21st, 2014","format":false,"excerpt":"Click on the picture to see what you can win (in portuguese): \u00a0","rel":"","context":"Similar post","block_context":{"text":"Similar post","link":""},"img":{"alt_text":"","src":"https:\/\/i0.wp.com\/academiacidada.org\/wp-content\/uploads\/2014\/04\/mqf1.jpg?fit=677%2C504&ssl=1&resize=350%2C200","width":350,"height":200,"srcset":"https:\/\/i0.wp.com\/academiacidada.org\/wp-content\/uploads\/2014\/04\/mqf1.jpg?fit=677%2C504&ssl=1&resize=350%2C200 1x, https:\/\/i0.wp.com\/academiacidada.org\/wp-content\/uploads\/2014\/04\/mqf1.jpg?fit=677%2C504&ssl=1&resize=525%2C300 1.5x"},"classes":[]},{"id":29,"url":"https:\/\/academiacidada.org\/en\/polos\/","url_meta":{"origin":710,"position":2},"title":"Conceptual Poles","author":"Academia Cidad\u00e3","date":"Wednesday November 27th, 2013","format":false,"excerpt":"Get to know each pole's activities:","rel":"","context":"Similar post","block_context":{"text":"Similar post","link":""},"img":{"alt_text":"","src":"https:\/\/i0.wp.com\/academiacidada.org\/wp-content\/uploads\/2013\/11\/organograma3_ACADEMIACIDADA.gif?fit=595%2C595&ssl=1&resize=350%2C200","width":350,"height":200,"srcset":"https:\/\/i0.wp.com\/academiacidada.org\/wp-content\/uploads\/2013\/11\/organograma3_ACADEMIACIDADA.gif?fit=595%2C595&ssl=1&resize=350%2C200 1x, https:\/\/i0.wp.com\/academiacidada.org\/wp-content\/uploads\/2013\/11\/organograma3_ACADEMIACIDADA.gif?fit=595%2C595&ssl=1&resize=525%2C300 1.5x"},"classes":[]},{"id":59,"url":"https:\/\/academiacidada.org\/en\/contacto\/","url_meta":{"origin":710,"position":3},"title":"Contact","author":"Academia Cidad\u00e3","date":"Friday December  6th, 2013","format":false,"excerpt":"E-mail: info@academiacidada.orgPhone: (+351) 932610457","rel":"","context":"In &quot;Article&quot;","block_context":{"text":"Article","link":"https:\/\/academiacidada.org\/en\/category\/artigo\/"},"img":{"alt_text":"","src":"","width":0,"height":0},"classes":[]},{"id":106,"url":"https:\/\/academiacidada.org\/en\/aguapublica\/","url_meta":{"origin":710,"position":4},"title":"We Give Hands For The Public Water","author":"Academia Cidad\u00e3","date":"Friday December  6th, 2013","format":false,"excerpt":"Click in the image to know the campaign:","rel":"","context":"Similar post","block_context":{"text":"Similar post","link":""},"img":{"alt_text":"","src":"https:\/\/i0.wp.com\/academiacidada.org\/wp-content\/uploads\/2013\/12\/logo-DAMOS-MAOS-AGUA-PUBLICA-foto.gif?fit=425%2C425&ssl=1&resize=350%2C200","width":350,"height":200},"classes":[]},{"id":34,"url":"https:\/\/academiacidada.org\/en\/inicio\/","url_meta":{"origin":710,"position":5},"title":"Home","author":"Academia Cidad\u00e3","date":"Wednesday November 27th, 2013","format":false,"excerpt":"The Citizenship Academy promotes the human person dignity in its own diversity, multiculturality and interculturality, the deepening of democracy and the construction of a universally free, fair, conscientious, critical thinking, solidary and fraternal society.","rel":"","context":"Similar post","block_context":{"text":"Similar post","link":""},"img":{"alt_text":"","src":"https:\/\/i0.wp.com\/academiacidada.org\/wp-content\/uploads\/2015\/11\/AC_pt-en.gif?fit=613%2C318&ssl=1&resize=350%2C200","width":350,"height":200,"srcset":"https:\/\/i0.wp.com\/academiacidada.org\/wp-content\/uploads\/2015\/11\/AC_pt-en.gif?fit=613%2C318&ssl=1&resize=350%2C200 1x, https:\/\/i0.wp.com\/academiacidada.org\/wp-content\/uploads\/2015\/11\/AC_pt-en.gif?fit=613%2C318&ssl=1&resize=525%2C300 1.5x"},"classes":[]}],"jetpack_likes_enabled":false,"jetpack_sharing_enabled":true,"_links":{"self":[{"href":"https:\/\/academiacidada.org\/en\/wp-json\/wp\/v2\/pages\/710","targetHints":{"allow":["GET"]}}],"collection":[{"href":"https:\/\/academiacidada.org\/en\/wp-json\/wp\/v2\/pages"}],"about":[{"href":"https:\/\/academiacidada.org\/en\/wp-json\/wp\/v2\/types\/page"}],"author":[{"embeddable":true,"href":"https:\/\/academiacidada.org\/en\/wp-json\/wp\/v2\/users\/1"}],"replies":[{"embeddable":true,"href":"https:\/\/academiacidada.org\/en\/wp-json\/wp\/v2\/comments?post=710"}],"version-history":[{"count":3,"href":"https:\/\/academiacidada.org\/en\/wp-json\/wp\/v2\/pages\/710\/revisions"}],"predecessor-version":[{"id":1223,"href":"https:\/\/academiacidada.org\/en\/wp-json\/wp\/v2\/pages\/710\/revisions\/1223"}],"wp:featuredmedia":[{"embeddable":true,"href":"https:\/\/academiacidada.org\/en\/wp-json\/wp\/v2\/media\/706"}],"wp:attachment":[{"href":"https:\/\/academiacidada.org\/en\/wp-json\/wp\/v2\/media?parent=710"}],"curies":[{"name":"wp","href":"https:\/\/api.w.org\/{rel}","templated":true}]}}