{"id":59,"date":"2013-12-06T10:17:31","date_gmt":"2013-12-06T10:17:31","guid":{"rendered":"http:\/\/academiacidada.org\/?page_id=59"},"modified":"2026-02-06T09:07:27","modified_gmt":"2026-02-06T09:07:27","slug":"contacto","status":"publish","type":"page","link":"https:\/\/academiacidada.org\/en\/contacto\/","title":{"rendered":"Contact"},"content":{"rendered":"<p>E-mail: <a href=\"mailto:info@academiacidada.org\">info@academiacidada.org<\/a><br \/><br \/>Phone: (+351) 932610457<\/p>\n\n\n\n<p><\/p>","protected":false},"excerpt":{"rendered":"<p>E-mail: info@academiacidada.org Phone: (+351) 932610457<\/p>\n","protected":false},"author":1,"featured_media":0,"parent":0,"menu_order":0,"comment_status":"open","ping_status":"closed","template":"","meta":{"jetpack_post_was_ever_published":false,"footnotes":""},"class_list":["post-59","page","type-page","status-publish","czr-hentry"],"yoast_head":"<!-- This site is optimized with the Yoast SEO plugin v27.3 - https:\/\/yoast.com\/product\/yoast-seo-wordpress\/ -->\n<title>Contact - Citizenship Academy<\/title>\n<meta name=\"robots\" content=\"index, follow, max-snippet:-1, max-image-preview:large, max-video-preview:-1\" \/>\n<link rel=\"canonical\" href=\"https:\/\/academiacidada.org\/contacto\/\" \/>\n<meta property=\"og:locale\" content=\"en_US\" \/>\n<meta property=\"og:type\" content=\"article\" \/>\n<meta property=\"og:title\" content=\"Contact - Citizenship Academy\" \/>\n<meta property=\"og:description\" content=\"E-mail: info@academiacidada.org Phone: (+351) 932610457\" \/>\n<meta property=\"og:url\" content=\"https:\/\/academiacidada.org\/contacto\/\" \/>\n<meta property=\"og:site_name\" content=\"Citizenship Academy\" \/>\n<meta property=\"article:publisher\" content=\"https:\/\/www.facebook.com\/AcademiaCidada\/\" \/>\n<meta property=\"article:modified_time\" content=\"2026-02-06T09:07:27+00:00\" \/>\n<meta name=\"twitter:card\" content=\"summary_large_image\" \/>\n<meta name=\"twitter:site\" content=\"@academiacidada\" \/>\n<meta name=\"twitter:label1\" content=\"Est. reading time\" \/>\n\t<meta name=\"twitter:data1\" content=\"1 minute\" \/>\n<script type=\"application\/ld+json\" class=\"yoast-schema-graph\">{\"@context\":\"https:\\\/\\\/schema.org\",\"@graph\":[{\"@type\":\"WebPage\",\"@id\":\"https:\\\/\\\/academiacidada.org\\\/contacto\\\/\",\"url\":\"https:\\\/\\\/academiacidada.org\\\/contacto\\\/\",\"name\":\"Contact - Citizenship Academy\",\"isPartOf\":{\"@id\":\"https:\\\/\\\/academiacidada.org\\\/#website\"},\"datePublished\":\"2013-12-06T10:17:31+00:00\",\"dateModified\":\"2026-02-06T09:07:27+00:00\",\"breadcrumb\":{\"@id\":\"https:\\\/\\\/academiacidada.org\\\/contacto\\\/#breadcrumb\"},\"inLanguage\":\"en-US\",\"potentialAction\":[{\"@type\":\"ReadAction\",\"target\":[\"https:\\\/\\\/academiacidada.org\\\/contacto\\\/\"]}]},{\"@type\":\"BreadcrumbList\",\"@id\":\"https:\\\/\\\/academiacidada.org\\\/contacto\\\/#breadcrumb\",\"itemListElement\":[{\"@type\":\"ListItem\",\"position\":1,\"name\":\"In\u00edcio\",\"item\":\"https:\\\/\\\/academiacidada.org\\\/\"},{\"@type\":\"ListItem\",\"position\":2,\"name\":\"Contacto\"}]},{\"@type\":\"WebSite\",\"@id\":\"https:\\\/\\\/academiacidada.org\\\/#website\",\"url\":\"https:\\\/\\\/academiacidada.org\\\/\",\"name\":\"Citizenship Academy\",\"description\":\"Learning and action for citizenship\",\"publisher\":{\"@id\":\"https:\\\/\\\/academiacidada.org\\\/#organization\"},\"potentialAction\":[{\"@type\":\"SearchAction\",\"target\":{\"@type\":\"EntryPoint\",\"urlTemplate\":\"https:\\\/\\\/academiacidada.org\\\/?s={search_term_string}\"},\"query-input\":{\"@type\":\"PropertyValueSpecification\",\"valueRequired\":true,\"valueName\":\"search_term_string\"}}],\"inLanguage\":\"en-US\"},{\"@type\":\"Organization\",\"@id\":\"https:\\\/\\\/academiacidada.org\\\/#organization\",\"name\":\"Citizenship Academy\",\"url\":\"https:\\\/\\\/academiacidada.org\\\/\",\"logo\":{\"@type\":\"ImageObject\",\"inLanguage\":\"en-US\",\"@id\":\"https:\\\/\\\/academiacidada.org\\\/#\\\/schema\\\/logo\\\/image\\\/\",\"url\":\"https:\\\/\\\/i0.wp.com\\\/academiacidada.org\\\/wp-content\\\/uploads\\\/2015\\\/11\\\/Logo-vector-horizontal-EN-PT1.png?fit=846%2C392&ssl=1\",\"contentUrl\":\"https:\\\/\\\/i0.wp.com\\\/academiacidada.org\\\/wp-content\\\/uploads\\\/2015\\\/11\\\/Logo-vector-horizontal-EN-PT1.png?fit=846%2C392&ssl=1\",\"width\":846,\"height\":392,\"caption\":\"Citizenship Academy\"},\"image\":{\"@id\":\"https:\\\/\\\/academiacidada.org\\\/#\\\/schema\\\/logo\\\/image\\\/\"},\"sameAs\":[\"https:\\\/\\\/www.facebook.com\\\/AcademiaCidada\\\/\",\"https:\\\/\\\/x.com\\\/academiacidada\",\"https:\\\/\\\/www.instagram.com\\\/academiacidada\\\/\",\"https:\\\/\\\/www.linkedin.com\\\/company\\\/academia-cidad\u00e3-citizenship-academy\\\/\",\"https:\\\/\\\/www.youtube.com\\\/watch?v=7Ibm6PbmM_s&amp;amp;amp;list=PLbwodcpspez4BtHcHAMFUgwiaa1NN5qMA\"]}]}<\/script>\n<!-- \/ Yoast SEO plugin. -->","yoast_head_json":{"title":"Contact - Citizenship Academy","robots":{"index":"index","follow":"follow","max-snippet":"max-snippet:-1","max-image-preview":"max-image-preview:large","max-video-preview":"max-video-preview:-1"},"canonical":"https:\/\/academiacidada.org\/contacto\/","og_locale":"en_US","og_type":"article","og_title":"Contact - Citizenship Academy","og_description":"E-mail: info@academiacidada.org Phone: (+351) 932610457","og_url":"https:\/\/academiacidada.org\/contacto\/","og_site_name":"Citizenship Academy","article_publisher":"https:\/\/www.facebook.com\/AcademiaCidada\/","article_modified_time":"2026-02-06T09:07:27+00:00","twitter_card":"summary_large_image","twitter_site":"@academiacidada","twitter_misc":{"Est. reading time":"1 minute"},"schema":{"@context":"https:\/\/schema.org","@graph":[{"@type":"WebPage","@id":"https:\/\/academiacidada.org\/contacto\/","url":"https:\/\/academiacidada.org\/contacto\/","name":"Contact - Citizenship Academy","isPartOf":{"@id":"https:\/\/academiacidada.org\/#website"},"datePublished":"2013-12-06T10:17:31+00:00","dateModified":"2026-02-06T09:07:27+00:00","breadcrumb":{"@id":"https:\/\/academiacidada.org\/contacto\/#breadcrumb"},"inLanguage":"en-US","potentialAction":[{"@type":"ReadAction","target":["https:\/\/academiacidada.org\/contacto\/"]}]},{"@type":"BreadcrumbList","@id":"https:\/\/academiacidada.org\/contacto\/#breadcrumb","itemListElement":[{"@type":"ListItem","position":1,"name":"In\u00edcio","item":"https:\/\/academiacidada.org\/"},{"@type":"ListItem","position":2,"name":"Contacto"}]},{"@type":"WebSite","@id":"https:\/\/academiacidada.org\/#website","url":"https:\/\/academiacidada.org\/","name":"Citizenship Academy","description":"Learning and action for citizenship","publisher":{"@id":"https:\/\/academiacidada.org\/#organization"},"potentialAction":[{"@type":"SearchAction","target":{"@type":"EntryPoint","urlTemplate":"https:\/\/academiacidada.org\/?s={search_term_string}"},"query-input":{"@type":"PropertyValueSpecification","valueRequired":true,"valueName":"search_term_string"}}],"inLanguage":"en-US"},{"@type":"Organization","@id":"https:\/\/academiacidada.org\/#organization","name":"Citizenship Academy","url":"https:\/\/academiacidada.org\/","logo":{"@type":"ImageObject","inLanguage":"en-US","@id":"https:\/\/academiacidada.org\/#\/schema\/logo\/image\/","url":"https:\/\/i0.wp.com\/academiacidada.org\/wp-content\/uploads\/2015\/11\/Logo-vector-horizontal-EN-PT1.png?fit=846%2C392&ssl=1","contentUrl":"https:\/\/i0.wp.com\/academiacidada.org\/wp-content\/uploads\/2015\/11\/Logo-vector-horizontal-EN-PT1.png?fit=846%2C392&ssl=1","width":846,"height":392,"caption":"Citizenship Academy"},"image":{"@id":"https:\/\/academiacidada.org\/#\/schema\/logo\/image\/"},"sameAs":["https:\/\/www.facebook.com\/AcademiaCidada\/","https:\/\/x.com\/academiacidada","https:\/\/www.instagram.com\/academiacidada\/","https:\/\/www.linkedin.com\/company\/academia-cidad\u00e3-citizenship-academy\/","https:\/\/www.youtube.com\/watch?v=7Ibm6PbmM_s&amp;amp;amp;list=PLbwodcpspez4BtHcHAMFUgwiaa1NN5qMA"]}]}},"jetpack_shortlink":"https:\/\/wp.me\/P5WVLn-X","jetpack-related-posts":[{"id":79,"url":"https:\/\/academiacidada.org\/en\/contribuir\/","url_meta":{"origin":59,"position":0},"title":"Donate","author":"Academia Cidad\u00e3","date":"Friday December  6th, 2013","format":false,"excerpt":"Bank transfer: IBAN: PT50003501000003167493080BIC SWIFT: CGDIPTPL Bank: Caixa Geral de Dep\u00f3sitos For receipt, send transfer document to\u00a0info@academiacidada.org with name, address and, if applicable, VAT number Patreon: PayPal","rel":"","context":"Similar post","block_context":{"text":"Similar post","link":""},"img":{"alt_text":"","src":"https:\/\/i0.wp.com\/academiacidada.org\/wp-content\/uploads\/2015\/11\/Donate2.jpg?fit=1200%2C600&ssl=1&resize=350%2C200","width":350,"height":200,"srcset":"https:\/\/i0.wp.com\/academiacidada.org\/wp-content\/uploads\/2015\/11\/Donate2.jpg?fit=1200%2C600&ssl=1&resize=350%2C200 1x, https:\/\/i0.wp.com\/academiacidada.org\/wp-content\/uploads\/2015\/11\/Donate2.jpg?fit=1200%2C600&ssl=1&resize=525%2C300 1.5x, https:\/\/i0.wp.com\/academiacidada.org\/wp-content\/uploads\/2015\/11\/Donate2.jpg?fit=1200%2C600&ssl=1&resize=700%2C400 2x, https:\/\/i0.wp.com\/academiacidada.org\/wp-content\/uploads\/2015\/11\/Donate2.jpg?fit=1200%2C600&ssl=1&resize=1050%2C600 3x"},"classes":[]},{"id":4322,"url":"https:\/\/academiacidada.org\/en\/tornar-me-doador\/","url_meta":{"origin":59,"position":1},"title":"Doar por D\u00e9bito Direto","author":"Academia Cidad\u00e3","date":"Tuesday September  1st, 2020","format":false,"excerpt":"Ao clicar em \"Confirmar\" autorizo o armazenamento e tratamento dos meus dados para o d\u00e9bito direto na conta banc\u00e1ria referida, nas condi\u00e7\u00f5es assinaladas, e para ser contactado exclusivamente pela Academia Cidad\u00e3. Os d\u00e9bitos diretos ser\u00e3o realizados entre os dias 1 e 12 de cada m\u00eas. Caso pretenda cancelar a autoriza\u00e7\u00e3o\u2026","rel":"","context":"Similar post","block_context":{"text":"Similar post","link":""},"img":{"alt_text":"","src":"https:\/\/i0.wp.com\/academiacidada.org\/wp-content\/uploads\/2015\/12\/money-plant-184_MJ8C9IF_.jpg?fit=1200%2C800&ssl=1&resize=350%2C200","width":350,"height":200,"srcset":"https:\/\/i0.wp.com\/academiacidada.org\/wp-content\/uploads\/2015\/12\/money-plant-184_MJ8C9IF_.jpg?fit=1200%2C800&ssl=1&resize=350%2C200 1x, https:\/\/i0.wp.com\/academiacidada.org\/wp-content\/uploads\/2015\/12\/money-plant-184_MJ8C9IF_.jpg?fit=1200%2C800&ssl=1&resize=525%2C300 1.5x, https:\/\/i0.wp.com\/academiacidada.org\/wp-content\/uploads\/2015\/12\/money-plant-184_MJ8C9IF_.jpg?fit=1200%2C800&ssl=1&resize=700%2C400 2x, https:\/\/i0.wp.com\/academiacidada.org\/wp-content\/uploads\/2015\/12\/money-plant-184_MJ8C9IF_.jpg?fit=1200%2C800&ssl=1&resize=1050%2C600 3x"},"classes":[]},{"id":29,"url":"https:\/\/academiacidada.org\/en\/polos\/","url_meta":{"origin":59,"position":2},"title":"Conceptual Poles","author":"Academia Cidad\u00e3","date":"Wednesday November 27th, 2013","format":false,"excerpt":"Get to know each pole's activities:","rel":"","context":"Similar post","block_context":{"text":"Similar post","link":""},"img":{"alt_text":"","src":"https:\/\/i0.wp.com\/academiacidada.org\/wp-content\/uploads\/2013\/11\/organograma3_ACADEMIACIDADA.gif?fit=595%2C595&ssl=1&resize=350%2C200","width":350,"height":200,"srcset":"https:\/\/i0.wp.com\/academiacidada.org\/wp-content\/uploads\/2013\/11\/organograma3_ACADEMIACIDADA.gif?fit=595%2C595&ssl=1&resize=350%2C200 1x, https:\/\/i0.wp.com\/academiacidada.org\/wp-content\/uploads\/2013\/11\/organograma3_ACADEMIACIDADA.gif?fit=595%2C595&ssl=1&resize=525%2C300 1.5x"},"classes":[]},{"id":710,"url":"https:\/\/academiacidada.org\/en\/nao-ao-ttip\/","url_meta":{"origin":59,"position":3},"title":"STOP TTIP Portuguese Platform","author":"Academia Cidad\u00e3","date":"Thursday March 26th, 2015","format":false,"excerpt":"STOP TTIP Portuguese Platform","rel":"","context":"Similar post","block_context":{"text":"Similar post","link":""},"img":{"alt_text":"","src":"https:\/\/i0.wp.com\/academiacidada.org\/wp-content\/uploads\/2015\/03\/STOPTTIP.jpg?fit=1000%2C576&ssl=1&resize=350%2C200","width":350,"height":200,"srcset":"https:\/\/i0.wp.com\/academiacidada.org\/wp-content\/uploads\/2015\/03\/STOPTTIP.jpg?fit=1000%2C576&ssl=1&resize=350%2C200 1x, https:\/\/i0.wp.com\/academiacidada.org\/wp-content\/uploads\/2015\/03\/STOPTTIP.jpg?fit=1000%2C576&ssl=1&resize=525%2C300 1.5x, https:\/\/i0.wp.com\/academiacidada.org\/wp-content\/uploads\/2015\/03\/STOPTTIP.jpg?fit=1000%2C576&ssl=1&resize=700%2C400 2x"},"classes":[]},{"id":106,"url":"https:\/\/academiacidada.org\/en\/aguapublica\/","url_meta":{"origin":59,"position":4},"title":"We Give Hands For The Public Water","author":"Academia Cidad\u00e3","date":"Friday December  6th, 2013","format":false,"excerpt":"Click in the image to know the campaign:","rel":"","context":"Similar post","block_context":{"text":"Similar post","link":""},"img":{"alt_text":"","src":"https:\/\/i0.wp.com\/academiacidada.org\/wp-content\/uploads\/2013\/12\/logo-DAMOS-MAOS-AGUA-PUBLICA-foto.gif?fit=425%2C425&ssl=1&resize=350%2C200","width":350,"height":200},"classes":[]},{"id":410,"url":"https:\/\/academiacidada.org\/en\/fazeracontecer\/","url_meta":{"origin":59,"position":5},"title":"Better than dying is Making It Happen","author":"Academia Cidad\u00e3","date":"Monday April 21st, 2014","format":false,"excerpt":"Click on the picture to see what you can win (in portuguese): \u00a0","rel":"","context":"Similar post","block_context":{"text":"Similar post","link":""},"img":{"alt_text":"","src":"https:\/\/i0.wp.com\/academiacidada.org\/wp-content\/uploads\/2014\/04\/mqf1.jpg?fit=677%2C504&ssl=1&resize=350%2C200","width":350,"height":200,"srcset":"https:\/\/i0.wp.com\/academiacidada.org\/wp-content\/uploads\/2014\/04\/mqf1.jpg?fit=677%2C504&ssl=1&resize=350%2C200 1x, https:\/\/i0.wp.com\/academiacidada.org\/wp-content\/uploads\/2014\/04\/mqf1.jpg?fit=677%2C504&ssl=1&resize=525%2C300 1.5x"},"classes":[]}],"jetpack_likes_enabled":false,"jetpack_sharing_enabled":true,"_links":{"self":[{"href":"https:\/\/academiacidada.org\/en\/wp-json\/wp\/v2\/pages\/59","targetHints":{"allow":["GET"]}}],"collection":[{"href":"https:\/\/academiacidada.org\/en\/wp-json\/wp\/v2\/pages"}],"about":[{"href":"https:\/\/academiacidada.org\/en\/wp-json\/wp\/v2\/types\/page"}],"author":[{"embeddable":true,"href":"https:\/\/academiacidada.org\/en\/wp-json\/wp\/v2\/users\/1"}],"replies":[{"embeddable":true,"href":"https:\/\/academiacidada.org\/en\/wp-json\/wp\/v2\/comments?post=59"}],"version-history":[{"count":28,"href":"https:\/\/academiacidada.org\/en\/wp-json\/wp\/v2\/pages\/59\/revisions"}],"predecessor-version":[{"id":5524,"href":"https:\/\/academiacidada.org\/en\/wp-json\/wp\/v2\/pages\/59\/revisions\/5524"}],"wp:attachment":[{"href":"https:\/\/academiacidada.org\/en\/wp-json\/wp\/v2\/media?parent=59"}],"curies":[{"name":"wp","href":"https:\/\/api.w.org\/{rel}","templated":true}]}}