{"id":4942,"date":"2023-10-30T20:30:46","date_gmt":"2023-10-30T20:30:46","guid":{"rendered":"https:\/\/academiacidada.org\/?page_id=4942"},"modified":"2023-11-13T19:41:03","modified_gmt":"2023-11-13T19:41:03","slug":"politica-de-privacidade-e-cookies","status":"publish","type":"page","link":"https:\/\/academiacidada.org\/en\/politica-de-privacidade-e-cookies\/","title":{"rendered":"Privacy and Cookies Policy"},"content":{"rendered":"<p> <\/p>\n\n\n\n<p>This Privacy and Cookies Policy (&#8220;Policy&#8221;) governs the processing of personal data of users (hereinafter &#8220;User&#8221; or &#8220;Users&#8221;) collected in the context of the use of the websites within the universe of the Association Academia Cidad\u00e3 (hereinafter &#8220;websites&#8221;), by the Association Academia Cidad\u00e3 (&#8220;Association&#8221;), reflecting the institutional concerns of the Association regarding privacy and the processing of personal data in these contexts.<\/p>\n\n\n\n<p>The provision of personal data in the context of browsing the websites implies knowledge of and express acceptance of the conditions set out in this Policy.<\/p>\n\n\n\n<p>1. Controller for the processing of users&#8217; personal data The Association is the entity responsible for the processing of Users&#8217; personal data and may process such data directly and\/or through subcontracted entities for this purpose.<\/p>\n\n\n\n<p>2. Collection and processing of personal data Access and general browsing on the websites do not necessarily require the provision of personal data. Any User can (i) freely navigate the websites and view the available content, and may even become a member of the Association without the need to register (in which case, only the data necessary for payment processing will be requested); and (ii) freely subscribe to the Association&#8217;s newsletters through the websites, in which case their email address will be requested.<\/p>\n\n\n\n<p>The Association processes the personal data of Users for the following purposes:<\/p>\n\n\n\n<p>2.1. Disclosure of Association activities With the User&#8217;s consent, the Association will send newsletters and\/or process the User&#8217;s personal data for the purpose of promoting events and campaigns.<\/p>\n\n\n\n<p>2.2. Processing of spontaneous applications and recruitment processes The Association also processes personal data for the purpose of processing applications, both spontaneous and as part of recruitment processes, submitted via email. This personal data mainly includes the User&#8217;s name, email, ID number, date of birth, educational qualifications, professional background, and other data found in their CV, such as their image if their CV contains a photograph. User&#8217;s personal data will be processed for the management of the Association&#8217;s recruitment processes based on the legitimate interest of the Association in processing the User&#8217;s application, as well as for compliance with the Association&#8217;s legal obligations.<\/p>\n\n\n\n<p>2.3. Statistical analysis In the context of the purposes mentioned above, and with the User&#8217;s consent or based on the legitimate interest of the Association in managing and evaluating its activities, the collected data, which may be mandatory or optional depending on the purpose (such as date of birth, gender, level of education, profession, or nationality), may be processed for statistical purposes. The statistical processing of the collected data is done in an aggregated and non-individualized manner, preventing the identification of the User.<\/p>\n\n\n\n<p>2.4. External audits As part of audits carried out by external entities, the Association will provide the data necessary for the audit.<\/p>\n\n\n\n<p>3. Disclosure of personal data<\/p>\n\n\n\n<p>3.1. The Association may transmit the User&#8217;s data to partner entities and subcontracted entities for the purposes mentioned above, in accordance with contracts entered into with them in compliance with applicable law.<\/p>\n\n\n\n<p>3.2. The processing of data by the Association and the service providers mentioned above may involve the transfer of personal data to third countries (outside the European Economic Area).<\/p>\n\n\n\n<p>4. Retention of personal data<\/p>\n\n\n\n<p>4.1. Personal data necessary for joining as a new member will be retained for as long as the User wishes to maintain their membership.<\/p>\n\n\n\n<p>4.2. Personal data processed for spontaneous application processing will be retained for one year after submission.<\/p>\n\n\n\n<p>4.3. Other personal data collected through the websites will be retained for the period necessary to achieve the purpose for which they were collected, as described in this Policy.<\/p>\n\n\n\n<p>4.3. Some of the personal data collected at events held by or for the Association may be retained for the period necessary for managing the Association&#8217;s cultural, intellectual, and artistic assets.<\/p>\n\n\n\n<p>5. Cookies<\/p>\n\n\n\n<p>5.1. In order to provide a more personalized service that meets User expectations, the Association uses its own and third-party cookies to collect and store information.<\/p>\n\n\n\n<p>5.2. A cookie is a text file that is automatically stored in users&#8217; web browsers when they access certain websites. The cookie allows the Association and third parties to identify the web browser on the server, enabling the storage of information to improve user experience and analyze website performance.<\/p>\n\n\n\n<p>5.3. Cookies can be classified as session cookies or persistent cookies. Session cookies expire automatically when the internet browser is closed. Persistent cookies remain in the internet browser until their expiration date or until they are deleted. Expiration dates vary for each cookie, with some expiring after a few minutes and others after several years.<\/p>\n\n\n\n<p>5.4. Within the websites, the Association uses the cookies located at the following address.<\/p>\n\n\n\n<p>5.5. Cookies and other tracking technologies do not collect personal data about the User unless such information is voluntarily provided, such as when registering on the website or sending communications, in which case these technologies may be used to gather more information about their use of the website.<\/p>\n\n\n\n<p>6. Security<\/p>\n\n\n\n<p>6.1. The Association ensures privacy and security when transmitting User data through the use of SSL (Secure Sockets Layer) encryption for all information exchanged with the Association via the internet.<\/p>\n\n\n\n<p>6.2. Additionally, the Association affirms that it has and will maintain all technical means available to prevent the loss, misuse, alteration, unauthorized access, and unauthorized appropriation of the personal data provided or transmitted. In any case, it should be noted that when data is transmitted over an open internet network, it is not possible to completely eliminate the risk of unauthorized access and use, so Users should implement appropriate security measures when browsing the websites.<\/p>\n\n\n\n<p>6.3. Whenever payments are made through the website servers, the information sent will be encrypted, and additional security measures appropriate to industry standards and market best practices will be employed.<\/p>\n\n\n\n<p>7. User Rights<\/p>\n\n\n\n<p>7.1. In accordance with applicable law, the User may, at any time, request access to personal data concerning them, as well as its correction, deletion, or restriction of processing, data portability, or objection to processing (in the case of profile creation, where applicable, request clarification of the criteria used and\/or object to profile creation).<\/p>\n\n\n\n<p>7.2. The User may also obtain confirmation that personal data concerning them is being processed and access this data. If requested, a copy of the data being processed can be provided to the User.<\/p>\n\n\n\n<p>7.3. According to the law, the User also has the right to withdraw their consent at any time for the processing of their data based on consent, without affecting the validity of the processing carried out until that date, based on previously given consent.<\/p>\n\n\n\n<p>7.4. In accordance with the law, the User also has the right to request the restriction of processing or data portability, subject to legally applicable conditions.<\/p>\n\n\n\n<p>7.5. The User&#8217;s rights mentioned above can be exercised through the contact methods provided in point 9.<\/p>\n\n\n\n<p>8. Complaints<\/p>\n\n\n\n<p>In addition to any other administrative or judicial remedies, the User has the right to file a complaint with the National Data Protection Commission or another competent supervisory authority under the law if they believe that the processing of their data by the Foundation violates the current legal framework.<\/p>\n\n\n\n<p>9. Questions<\/p>\n\n\n\n<p>If you have any questions regarding the processing of your personal data and the exercise of the rights conferred by applicable law, as outlined in this Policy, you can contact us at the following email address:<\/p>\n\n\n\n<p><a href=\"mailto:info@academiacidada.org\">info@academiacidada.org<\/a><\/p>\n\n\n\n<p>Changes to Personal Data Processing Terms The Association may change this Policy at any time. These changes will be duly publicized on the website pages.<\/p>\n\n\n\n<p>Last updated: October 30, 2023<\/p>\n\n\n\n<p><\/p>","protected":false},"excerpt":{"rendered":"<p>This Privacy and Cookies Policy (&#8220;Policy&#8221;) governs the processing of personal data of users (hereinafter &#8220;User&#8221; or &#8220;Users&#8221;) collected in the context of the use of the websites within the universe of the Association Academia Cidad\u00e3 (hereinafter &#8220;websites&#8221;), by the Association Academia Cidad\u00e3 (&#8220;Association&#8221;), reflecting the institutional concerns of the Association regarding privacy and the [&hellip;]<\/p>\n","protected":false},"author":1,"featured_media":0,"parent":0,"menu_order":0,"comment_status":"closed","ping_status":"closed","template":"","meta":{"jetpack_post_was_ever_published":false,"footnotes":""},"class_list":["post-4942","page","type-page","status-publish","czr-hentry"],"yoast_head":"<!-- This site is optimized with the Yoast SEO plugin v27.3 - https:\/\/yoast.com\/product\/yoast-seo-wordpress\/ -->\n<title>Privacy and Cookies Policy - Citizenship Academy<\/title>\n<meta name=\"robots\" content=\"index, follow, max-snippet:-1, max-image-preview:large, max-video-preview:-1\" \/>\n<link rel=\"canonical\" href=\"https:\/\/academiacidada.org\/politica-de-privacidade-e-cookies\/\" \/>\n<meta property=\"og:locale\" content=\"en_US\" \/>\n<meta property=\"og:type\" content=\"article\" \/>\n<meta property=\"og:title\" content=\"Privacy and Cookies Policy - Citizenship Academy\" \/>\n<meta property=\"og:description\" content=\"This Privacy and Cookies Policy (&#8220;Policy&#8221;) governs the processing of personal data of users (hereinafter &#8220;User&#8221; or &#8220;Users&#8221;) collected in the context of the use of the websites within the universe of the Association Academia Cidad\u00e3 (hereinafter &#8220;websites&#8221;), by the Association Academia Cidad\u00e3 (&#8220;Association&#8221;), reflecting the institutional concerns of the Association regarding privacy and the [&hellip;]\" \/>\n<meta property=\"og:url\" content=\"https:\/\/academiacidada.org\/politica-de-privacidade-e-cookies\/\" \/>\n<meta property=\"og:site_name\" content=\"Citizenship Academy\" \/>\n<meta property=\"article:publisher\" content=\"https:\/\/www.facebook.com\/AcademiaCidada\/\" \/>\n<meta property=\"article:modified_time\" content=\"2023-11-13T19:41:03+00:00\" \/>\n<meta name=\"twitter:card\" content=\"summary_large_image\" \/>\n<meta name=\"twitter:site\" content=\"@academiacidada\" \/>\n<meta name=\"twitter:label1\" content=\"Est. reading time\" \/>\n\t<meta name=\"twitter:data1\" content=\"15 minutes\" \/>\n<script type=\"application\/ld+json\" class=\"yoast-schema-graph\">{\"@context\":\"https:\\\/\\\/schema.org\",\"@graph\":[{\"@type\":\"WebPage\",\"@id\":\"https:\\\/\\\/academiacidada.org\\\/politica-de-privacidade-e-cookies\\\/\",\"url\":\"https:\\\/\\\/academiacidada.org\\\/politica-de-privacidade-e-cookies\\\/\",\"name\":\"Privacy and Cookies Policy - Citizenship Academy\",\"isPartOf\":{\"@id\":\"https:\\\/\\\/academiacidada.org\\\/#website\"},\"datePublished\":\"2023-10-30T20:30:46+00:00\",\"dateModified\":\"2023-11-13T19:41:03+00:00\",\"breadcrumb\":{\"@id\":\"https:\\\/\\\/academiacidada.org\\\/politica-de-privacidade-e-cookies\\\/#breadcrumb\"},\"inLanguage\":\"en-US\",\"potentialAction\":[{\"@type\":\"ReadAction\",\"target\":[\"https:\\\/\\\/academiacidada.org\\\/politica-de-privacidade-e-cookies\\\/\"]}]},{\"@type\":\"BreadcrumbList\",\"@id\":\"https:\\\/\\\/academiacidada.org\\\/politica-de-privacidade-e-cookies\\\/#breadcrumb\",\"itemListElement\":[{\"@type\":\"ListItem\",\"position\":1,\"name\":\"In\u00edcio\",\"item\":\"https:\\\/\\\/academiacidada.org\\\/\"},{\"@type\":\"ListItem\",\"position\":2,\"name\":\"Pol\u00edtica de Privacidade e Cookies\"}]},{\"@type\":\"WebSite\",\"@id\":\"https:\\\/\\\/academiacidada.org\\\/#website\",\"url\":\"https:\\\/\\\/academiacidada.org\\\/\",\"name\":\"Citizenship Academy\",\"description\":\"Learning and action for citizenship\",\"publisher\":{\"@id\":\"https:\\\/\\\/academiacidada.org\\\/#organization\"},\"potentialAction\":[{\"@type\":\"SearchAction\",\"target\":{\"@type\":\"EntryPoint\",\"urlTemplate\":\"https:\\\/\\\/academiacidada.org\\\/?s={search_term_string}\"},\"query-input\":{\"@type\":\"PropertyValueSpecification\",\"valueRequired\":true,\"valueName\":\"search_term_string\"}}],\"inLanguage\":\"en-US\"},{\"@type\":\"Organization\",\"@id\":\"https:\\\/\\\/academiacidada.org\\\/#organization\",\"name\":\"Citizenship Academy\",\"url\":\"https:\\\/\\\/academiacidada.org\\\/\",\"logo\":{\"@type\":\"ImageObject\",\"inLanguage\":\"en-US\",\"@id\":\"https:\\\/\\\/academiacidada.org\\\/#\\\/schema\\\/logo\\\/image\\\/\",\"url\":\"https:\\\/\\\/i0.wp.com\\\/academiacidada.org\\\/wp-content\\\/uploads\\\/2015\\\/11\\\/Logo-vector-horizontal-EN-PT1.png?fit=846%2C392&ssl=1\",\"contentUrl\":\"https:\\\/\\\/i0.wp.com\\\/academiacidada.org\\\/wp-content\\\/uploads\\\/2015\\\/11\\\/Logo-vector-horizontal-EN-PT1.png?fit=846%2C392&ssl=1\",\"width\":846,\"height\":392,\"caption\":\"Citizenship Academy\"},\"image\":{\"@id\":\"https:\\\/\\\/academiacidada.org\\\/#\\\/schema\\\/logo\\\/image\\\/\"},\"sameAs\":[\"https:\\\/\\\/www.facebook.com\\\/AcademiaCidada\\\/\",\"https:\\\/\\\/x.com\\\/academiacidada\",\"https:\\\/\\\/www.instagram.com\\\/academiacidada\\\/\",\"https:\\\/\\\/www.linkedin.com\\\/company\\\/academia-cidad\u00e3-citizenship-academy\\\/\",\"https:\\\/\\\/www.youtube.com\\\/watch?v=7Ibm6PbmM_s&amp;amp;amp;list=PLbwodcpspez4BtHcHAMFUgwiaa1NN5qMA\"]}]}<\/script>\n<!-- \/ Yoast SEO plugin. -->","yoast_head_json":{"title":"Privacy and Cookies Policy - Citizenship Academy","robots":{"index":"index","follow":"follow","max-snippet":"max-snippet:-1","max-image-preview":"max-image-preview:large","max-video-preview":"max-video-preview:-1"},"canonical":"https:\/\/academiacidada.org\/politica-de-privacidade-e-cookies\/","og_locale":"en_US","og_type":"article","og_title":"Privacy and Cookies Policy - Citizenship Academy","og_description":"This Privacy and Cookies Policy (&#8220;Policy&#8221;) governs the processing of personal data of users (hereinafter &#8220;User&#8221; or &#8220;Users&#8221;) collected in the context of the use of the websites within the universe of the Association Academia Cidad\u00e3 (hereinafter &#8220;websites&#8221;), by the Association Academia Cidad\u00e3 (&#8220;Association&#8221;), reflecting the institutional concerns of the Association regarding privacy and the [&hellip;]","og_url":"https:\/\/academiacidada.org\/politica-de-privacidade-e-cookies\/","og_site_name":"Citizenship Academy","article_publisher":"https:\/\/www.facebook.com\/AcademiaCidada\/","article_modified_time":"2023-11-13T19:41:03+00:00","twitter_card":"summary_large_image","twitter_site":"@academiacidada","twitter_misc":{"Est. reading time":"15 minutes"},"schema":{"@context":"https:\/\/schema.org","@graph":[{"@type":"WebPage","@id":"https:\/\/academiacidada.org\/politica-de-privacidade-e-cookies\/","url":"https:\/\/academiacidada.org\/politica-de-privacidade-e-cookies\/","name":"Privacy and Cookies Policy - Citizenship Academy","isPartOf":{"@id":"https:\/\/academiacidada.org\/#website"},"datePublished":"2023-10-30T20:30:46+00:00","dateModified":"2023-11-13T19:41:03+00:00","breadcrumb":{"@id":"https:\/\/academiacidada.org\/politica-de-privacidade-e-cookies\/#breadcrumb"},"inLanguage":"en-US","potentialAction":[{"@type":"ReadAction","target":["https:\/\/academiacidada.org\/politica-de-privacidade-e-cookies\/"]}]},{"@type":"BreadcrumbList","@id":"https:\/\/academiacidada.org\/politica-de-privacidade-e-cookies\/#breadcrumb","itemListElement":[{"@type":"ListItem","position":1,"name":"In\u00edcio","item":"https:\/\/academiacidada.org\/"},{"@type":"ListItem","position":2,"name":"Pol\u00edtica de Privacidade e Cookies"}]},{"@type":"WebSite","@id":"https:\/\/academiacidada.org\/#website","url":"https:\/\/academiacidada.org\/","name":"Citizenship Academy","description":"Learning and action for citizenship","publisher":{"@id":"https:\/\/academiacidada.org\/#organization"},"potentialAction":[{"@type":"SearchAction","target":{"@type":"EntryPoint","urlTemplate":"https:\/\/academiacidada.org\/?s={search_term_string}"},"query-input":{"@type":"PropertyValueSpecification","valueRequired":true,"valueName":"search_term_string"}}],"inLanguage":"en-US"},{"@type":"Organization","@id":"https:\/\/academiacidada.org\/#organization","name":"Citizenship Academy","url":"https:\/\/academiacidada.org\/","logo":{"@type":"ImageObject","inLanguage":"en-US","@id":"https:\/\/academiacidada.org\/#\/schema\/logo\/image\/","url":"https:\/\/i0.wp.com\/academiacidada.org\/wp-content\/uploads\/2015\/11\/Logo-vector-horizontal-EN-PT1.png?fit=846%2C392&ssl=1","contentUrl":"https:\/\/i0.wp.com\/academiacidada.org\/wp-content\/uploads\/2015\/11\/Logo-vector-horizontal-EN-PT1.png?fit=846%2C392&ssl=1","width":846,"height":392,"caption":"Citizenship Academy"},"image":{"@id":"https:\/\/academiacidada.org\/#\/schema\/logo\/image\/"},"sameAs":["https:\/\/www.facebook.com\/AcademiaCidada\/","https:\/\/x.com\/academiacidada","https:\/\/www.instagram.com\/academiacidada\/","https:\/\/www.linkedin.com\/company\/academia-cidad\u00e3-citizenship-academy\/","https:\/\/www.youtube.com\/watch?v=7Ibm6PbmM_s&amp;amp;amp;list=PLbwodcpspez4BtHcHAMFUgwiaa1NN5qMA"]}]}},"jetpack_shortlink":"https:\/\/wp.me\/P5WVLn-1hI","jetpack-related-posts":[{"id":4953,"url":"https:\/\/academiacidada.org\/en\/tornar-me-socia-o\/","url_meta":{"origin":4942,"position":0},"title":"Tornar-me S\u00f3cia\/o","author":"Academia Cidad\u00e3","date":"Monday October 30th, 2023","format":false,"excerpt":"Ap\u00f3s efetuares a tua inscri\u00e7\u00e3o, a tua categoria de s\u00f3cio ser\u00e1 atribu\u00edda mediante delibera\u00e7\u00e3o da Dire\u00e7\u00e3o que, caso seja efetiva, te contactar\u00e1 para procederes ao pagamento da j\u00f3ia (1\u20ac) e quota (9\u20ac). Ap\u00f3s confirmado o recebimento, a Dire\u00e7\u00e3o ir\u00e1 propor a ratifica\u00e7\u00e3o do teu estatuto de s\u00f3cia\/o \u00e0 Assembleia Geral\u2026","rel":"","context":"Similar post","block_context":{"text":"Similar post","link":""},"img":{"alt_text":"","src":"","width":0,"height":0},"classes":[]},{"id":79,"url":"https:\/\/academiacidada.org\/en\/contribuir\/","url_meta":{"origin":4942,"position":1},"title":"Donate","author":"Academia Cidad\u00e3","date":"Friday December  6th, 2013","format":false,"excerpt":"Bank transfer: IBAN: PT50003501000003167493080BIC SWIFT: CGDIPTPL Bank: Caixa Geral de Dep\u00f3sitos For receipt, send transfer document to\u00a0info@academiacidada.org with name, address and, if applicable, VAT number Patreon: PayPal","rel":"","context":"Similar post","block_context":{"text":"Similar post","link":""},"img":{"alt_text":"","src":"https:\/\/i0.wp.com\/academiacidada.org\/wp-content\/uploads\/2015\/11\/Donate2.jpg?fit=1200%2C600&ssl=1&resize=350%2C200","width":350,"height":200,"srcset":"https:\/\/i0.wp.com\/academiacidada.org\/wp-content\/uploads\/2015\/11\/Donate2.jpg?fit=1200%2C600&ssl=1&resize=350%2C200 1x, https:\/\/i0.wp.com\/academiacidada.org\/wp-content\/uploads\/2015\/11\/Donate2.jpg?fit=1200%2C600&ssl=1&resize=525%2C300 1.5x, https:\/\/i0.wp.com\/academiacidada.org\/wp-content\/uploads\/2015\/11\/Donate2.jpg?fit=1200%2C600&ssl=1&resize=700%2C400 2x, https:\/\/i0.wp.com\/academiacidada.org\/wp-content\/uploads\/2015\/11\/Donate2.jpg?fit=1200%2C600&ssl=1&resize=1050%2C600 3x"},"classes":[]},{"id":4322,"url":"https:\/\/academiacidada.org\/en\/tornar-me-doador\/","url_meta":{"origin":4942,"position":2},"title":"Doar por D\u00e9bito Direto","author":"Academia Cidad\u00e3","date":"Tuesday September  1st, 2020","format":false,"excerpt":"Ao clicar em \"Confirmar\" autorizo o armazenamento e tratamento dos meus dados para o d\u00e9bito direto na conta banc\u00e1ria referida, nas condi\u00e7\u00f5es assinaladas, e para ser contactado exclusivamente pela Academia Cidad\u00e3. Os d\u00e9bitos diretos ser\u00e3o realizados entre os dias 1 e 12 de cada m\u00eas. Caso pretenda cancelar a autoriza\u00e7\u00e3o\u2026","rel":"","context":"Similar post","block_context":{"text":"Similar post","link":""},"img":{"alt_text":"","src":"https:\/\/i0.wp.com\/academiacidada.org\/wp-content\/uploads\/2015\/12\/money-plant-184_MJ8C9IF_.jpg?fit=1200%2C800&ssl=1&resize=350%2C200","width":350,"height":200,"srcset":"https:\/\/i0.wp.com\/academiacidada.org\/wp-content\/uploads\/2015\/12\/money-plant-184_MJ8C9IF_.jpg?fit=1200%2C800&ssl=1&resize=350%2C200 1x, https:\/\/i0.wp.com\/academiacidada.org\/wp-content\/uploads\/2015\/12\/money-plant-184_MJ8C9IF_.jpg?fit=1200%2C800&ssl=1&resize=525%2C300 1.5x, https:\/\/i0.wp.com\/academiacidada.org\/wp-content\/uploads\/2015\/12\/money-plant-184_MJ8C9IF_.jpg?fit=1200%2C800&ssl=1&resize=700%2C400 2x, https:\/\/i0.wp.com\/academiacidada.org\/wp-content\/uploads\/2015\/12\/money-plant-184_MJ8C9IF_.jpg?fit=1200%2C800&ssl=1&resize=1050%2C600 3x"},"classes":[]},{"id":2,"url":"https:\/\/academiacidada.org\/en\/manifesto\/","url_meta":{"origin":4942,"position":3},"title":"Manifesto | Who we are","author":"Academia Cidad\u00e3","date":"Wednesday November 27th, 2013","format":false,"excerpt":"Citizenship Academy promotes the deepening of democracy, human dignity in all its diversity, multiculturalism, interculturalism, and the building of a universally free, fair, conscious, critical, and solidarity-based society. We uphold the implementation of the Universal Declaration of Human Rights, the Charter of Fundamental Rights of the European Union, and the\u2026","rel":"","context":"With 7 comments","block_context":{"text":"With 7 comments","link":"https:\/\/academiacidada.org\/en\/manifesto\/#comments"},"img":{"alt_text":"","src":"https:\/\/i0.wp.com\/academiacidada.org\/wp-content\/uploads\/2015\/03\/0-geracao.jpg?fit=1000%2C463&ssl=1&resize=350%2C200","width":350,"height":200,"srcset":"https:\/\/i0.wp.com\/academiacidada.org\/wp-content\/uploads\/2015\/03\/0-geracao.jpg?fit=1000%2C463&ssl=1&resize=350%2C200 1x, https:\/\/i0.wp.com\/academiacidada.org\/wp-content\/uploads\/2015\/03\/0-geracao.jpg?fit=1000%2C463&ssl=1&resize=525%2C300 1.5x, https:\/\/i0.wp.com\/academiacidada.org\/wp-content\/uploads\/2015\/03\/0-geracao.jpg?fit=1000%2C463&ssl=1&resize=700%2C400 2x"},"classes":[]},{"id":1875,"url":"https:\/\/academiacidada.org\/en\/1875-2\/","url_meta":{"origin":4942,"position":4},"title":"(Portugu\u00eas) O projeto Outros Campeonatos j\u00e1 est\u00e1 a come\u00e7ar!","author":"joanadias","date":"Tuesday November  8th, 2016","format":false,"excerpt":"Sorry, this entry is only available in Portugu\u00eas. For the sake of viewer convenience, the content is shown below in the alternative language. You may click the link to switch the active language.No dia 17 de outubro procedeu-se \u00e0 assinatura do protocolo, entre a Academia Cidad\u00e3 e a C\u00e2mara Municipal\u2026","rel":"","context":"Similar post","block_context":{"text":"Similar post","link":""},"img":{"alt_text":"","src":"https:\/\/i0.wp.com\/academiacidada.org\/wp-content\/uploads\/2016\/11\/IMG_1787-e1481046855857.jpg?fit=667%2C500&ssl=1&resize=350%2C200","width":350,"height":200,"srcset":"https:\/\/i0.wp.com\/academiacidada.org\/wp-content\/uploads\/2016\/11\/IMG_1787-e1481046855857.jpg?fit=667%2C500&ssl=1&resize=350%2C200 1x, https:\/\/i0.wp.com\/academiacidada.org\/wp-content\/uploads\/2016\/11\/IMG_1787-e1481046855857.jpg?fit=667%2C500&ssl=1&resize=525%2C300 1.5x"},"classes":[]},{"id":846,"url":"https:\/\/academiacidada.org\/en\/panorama-academia-cidada\/","url_meta":{"origin":4942,"position":5},"title":"Panorama Citizenship Academy","author":"Academia Cidad\u00e3","date":"Thursday April 16th, 2015","format":false,"excerpt":"Panorama Citizen Academy is a newsletter published by the Citizen Academy. Every 15 days we select news, articles, movies, books, pictures, events, initiatives and campaigns we want to share with you. You will get information about activism, citizenship, non-governmental organizations campaigns, local and global politics, human rights, gender and LGBT\u2026","rel":"","context":"Similar post","block_context":{"text":"Similar post","link":""},"img":{"alt_text":"","src":"https:\/\/i0.wp.com\/academiacidada.org\/wp-content\/uploads\/2015\/04\/Logo-PANORAMA-Curvas-01.png?fit=1200%2C552&ssl=1&resize=350%2C200","width":350,"height":200,"srcset":"https:\/\/i0.wp.com\/academiacidada.org\/wp-content\/uploads\/2015\/04\/Logo-PANORAMA-Curvas-01.png?fit=1200%2C552&ssl=1&resize=350%2C200 1x, https:\/\/i0.wp.com\/academiacidada.org\/wp-content\/uploads\/2015\/04\/Logo-PANORAMA-Curvas-01.png?fit=1200%2C552&ssl=1&resize=525%2C300 1.5x, https:\/\/i0.wp.com\/academiacidada.org\/wp-content\/uploads\/2015\/04\/Logo-PANORAMA-Curvas-01.png?fit=1200%2C552&ssl=1&resize=700%2C400 2x, https:\/\/i0.wp.com\/academiacidada.org\/wp-content\/uploads\/2015\/04\/Logo-PANORAMA-Curvas-01.png?fit=1200%2C552&ssl=1&resize=1050%2C600 3x"},"classes":[]}],"jetpack_likes_enabled":false,"jetpack_sharing_enabled":true,"_links":{"self":[{"href":"https:\/\/academiacidada.org\/en\/wp-json\/wp\/v2\/pages\/4942","targetHints":{"allow":["GET"]}}],"collection":[{"href":"https:\/\/academiacidada.org\/en\/wp-json\/wp\/v2\/pages"}],"about":[{"href":"https:\/\/academiacidada.org\/en\/wp-json\/wp\/v2\/types\/page"}],"author":[{"embeddable":true,"href":"https:\/\/academiacidada.org\/en\/wp-json\/wp\/v2\/users\/1"}],"replies":[{"embeddable":true,"href":"https:\/\/academiacidada.org\/en\/wp-json\/wp\/v2\/comments?post=4942"}],"version-history":[{"count":6,"href":"https:\/\/academiacidada.org\/en\/wp-json\/wp\/v2\/pages\/4942\/revisions"}],"predecessor-version":[{"id":4960,"href":"https:\/\/academiacidada.org\/en\/wp-json\/wp\/v2\/pages\/4942\/revisions\/4960"}],"wp:attachment":[{"href":"https:\/\/academiacidada.org\/en\/wp-json\/wp\/v2\/media?parent=4942"}],"curies":[{"name":"wp","href":"https:\/\/api.w.org\/{rel}","templated":true}]}}