{"id":34,"date":"2013-11-27T21:08:17","date_gmt":"2013-11-27T21:08:17","guid":{"rendered":"http:\/\/academiacidada.org\/?page_id=34"},"modified":"2015-11-16T01:51:00","modified_gmt":"2015-11-16T01:51:00","slug":"inicio","status":"publish","type":"page","link":"https:\/\/academiacidada.org\/en\/inicio\/","title":{"rendered":"Home"},"content":{"rendered":"<p><span style=\"color: #535353;\">The Citizenship Academy promotes the human person dignity in its own diversity, multiculturality and interculturality, the deepening of democracy and the construction of a universally free, fair, conscientious, critical thinking, solidary and fraternal society.<\/span><\/p>","protected":false},"excerpt":{"rendered":"<p>The Citizenship Academy promotes the human person dignity in its own diversity, multiculturality and interculturality, the deepening of democracy and the construction of a universally free, fair, conscientious, critical thinking, solidary and fraternal society.<\/p>\n","protected":false},"author":1,"featured_media":1269,"parent":0,"menu_order":0,"comment_status":"open","ping_status":"open","template":"","meta":{"jetpack_post_was_ever_published":false,"footnotes":""},"class_list":["post-34","page","type-page","status-publish","has-post-thumbnail","czr-hentry"],"yoast_head":"<!-- This site is optimized with the Yoast SEO plugin v27.4 - https:\/\/yoast.com\/product\/yoast-seo-wordpress\/ -->\n<title>Citizenship Academy | Academia Cidad\u00e3<\/title>\n<meta name=\"robots\" content=\"index, follow, max-snippet:-1, max-image-preview:large, max-video-preview:-1\" \/>\n<link rel=\"canonical\" href=\"https:\/\/academiacidada.org\/inicio\/\" \/>\n<meta property=\"og:locale\" content=\"en_US\" \/>\n<meta property=\"og:type\" content=\"article\" \/>\n<meta property=\"og:title\" content=\"[:pt]Academia Cidad\u00e3 | Citizenship Academy[:en]Citizenship Academy | Academia Cidad\u00e3[:]\" \/>\n<meta property=\"og:description\" content=\"The Citizenship Academy promotes the human person dignity in its own diversity, multiculturality and interculturality, the deepening of democracy and the construction of a universally free, fair, conscientious, critical thinking, solidary and fraternal society.\" \/>\n<meta property=\"og:url\" content=\"https:\/\/academiacidada.org\/inicio\/\" \/>\n<meta property=\"og:site_name\" content=\"Citizenship Academy\" \/>\n<meta property=\"article:publisher\" content=\"https:\/\/www.facebook.com\/AcademiaCidada\/\" \/>\n<meta property=\"article:modified_time\" content=\"2015-11-16T01:51:00+00:00\" \/>\n<meta property=\"og:image\" content=\"https:\/\/academiacidada.org\/wp-content\/uploads\/2015\/11\/AC_pt-en.gif\" \/>\n\t<meta property=\"og:image:width\" content=\"613\" \/>\n\t<meta property=\"og:image:height\" content=\"318\" \/>\n\t<meta property=\"og:image:type\" content=\"image\/gif\" \/>\n<meta name=\"twitter:card\" content=\"summary_large_image\" \/>\n<meta name=\"twitter:site\" content=\"@academiacidada\" \/>\n<script type=\"application\/ld+json\" class=\"yoast-schema-graph\">{\"@context\":\"https:\\\/\\\/schema.org\",\"@graph\":[{\"@type\":\"WebPage\",\"@id\":\"https:\\\/\\\/academiacidada.org\\\/inicio\\\/\",\"url\":\"https:\\\/\\\/academiacidada.org\\\/inicio\\\/\",\"name\":\"[:pt]Academia Cidad\u00e3 | Citizenship Academy[:en]Citizenship Academy | Academia Cidad\u00e3[:]\",\"isPartOf\":{\"@id\":\"https:\\\/\\\/academiacidada.org\\\/#website\"},\"primaryImageOfPage\":{\"@id\":\"https:\\\/\\\/academiacidada.org\\\/inicio\\\/#primaryimage\"},\"image\":{\"@id\":\"https:\\\/\\\/academiacidada.org\\\/inicio\\\/#primaryimage\"},\"thumbnailUrl\":\"https:\\\/\\\/i0.wp.com\\\/academiacidada.org\\\/wp-content\\\/uploads\\\/2015\\\/11\\\/AC_pt-en.gif?fit=613%2C318&ssl=1\",\"datePublished\":\"2013-11-27T21:08:17+00:00\",\"dateModified\":\"2015-11-16T01:51:00+00:00\",\"breadcrumb\":{\"@id\":\"https:\\\/\\\/academiacidada.org\\\/inicio\\\/#breadcrumb\"},\"inLanguage\":\"en-US\",\"potentialAction\":[{\"@type\":\"ReadAction\",\"target\":[\"https:\\\/\\\/academiacidada.org\\\/inicio\\\/\"]}]},{\"@type\":\"ImageObject\",\"inLanguage\":\"en-US\",\"@id\":\"https:\\\/\\\/academiacidada.org\\\/inicio\\\/#primaryimage\",\"url\":\"https:\\\/\\\/i0.wp.com\\\/academiacidada.org\\\/wp-content\\\/uploads\\\/2015\\\/11\\\/AC_pt-en.gif?fit=613%2C318&ssl=1\",\"contentUrl\":\"https:\\\/\\\/i0.wp.com\\\/academiacidada.org\\\/wp-content\\\/uploads\\\/2015\\\/11\\\/AC_pt-en.gif?fit=613%2C318&ssl=1\",\"width\":613,\"height\":318},{\"@type\":\"BreadcrumbList\",\"@id\":\"https:\\\/\\\/academiacidada.org\\\/inicio\\\/#breadcrumb\",\"itemListElement\":[{\"@type\":\"ListItem\",\"position\":1,\"name\":\"In\u00edcio\",\"item\":\"https:\\\/\\\/academiacidada.org\\\/\"},{\"@type\":\"ListItem\",\"position\":2,\"name\":\"In\u00edcio\"}]},{\"@type\":\"WebSite\",\"@id\":\"https:\\\/\\\/academiacidada.org\\\/#website\",\"url\":\"https:\\\/\\\/academiacidada.org\\\/\",\"name\":\"Citizenship Academy\",\"description\":\"Learning and action for citizenship\",\"publisher\":{\"@id\":\"https:\\\/\\\/academiacidada.org\\\/#organization\"},\"potentialAction\":[{\"@type\":\"SearchAction\",\"target\":{\"@type\":\"EntryPoint\",\"urlTemplate\":\"https:\\\/\\\/academiacidada.org\\\/?s={search_term_string}\"},\"query-input\":{\"@type\":\"PropertyValueSpecification\",\"valueRequired\":true,\"valueName\":\"search_term_string\"}}],\"inLanguage\":\"en-US\"},{\"@type\":\"Organization\",\"@id\":\"https:\\\/\\\/academiacidada.org\\\/#organization\",\"name\":\"Citizenship Academy\",\"url\":\"https:\\\/\\\/academiacidada.org\\\/\",\"logo\":{\"@type\":\"ImageObject\",\"inLanguage\":\"en-US\",\"@id\":\"https:\\\/\\\/academiacidada.org\\\/#\\\/schema\\\/logo\\\/image\\\/\",\"url\":\"https:\\\/\\\/i0.wp.com\\\/academiacidada.org\\\/wp-content\\\/uploads\\\/2015\\\/11\\\/Logo-vector-horizontal-EN-PT1.png?fit=846%2C392&ssl=1\",\"contentUrl\":\"https:\\\/\\\/i0.wp.com\\\/academiacidada.org\\\/wp-content\\\/uploads\\\/2015\\\/11\\\/Logo-vector-horizontal-EN-PT1.png?fit=846%2C392&ssl=1\",\"width\":846,\"height\":392,\"caption\":\"Citizenship Academy\"},\"image\":{\"@id\":\"https:\\\/\\\/academiacidada.org\\\/#\\\/schema\\\/logo\\\/image\\\/\"},\"sameAs\":[\"https:\\\/\\\/www.facebook.com\\\/AcademiaCidada\\\/\",\"https:\\\/\\\/x.com\\\/academiacidada\",\"https:\\\/\\\/www.instagram.com\\\/academiacidada\\\/\",\"https:\\\/\\\/www.linkedin.com\\\/company\\\/academia-cidad\u00e3-citizenship-academy\\\/\",\"https:\\\/\\\/www.youtube.com\\\/watch?v=7Ibm6PbmM_s&amp;amp;amp;list=PLbwodcpspez4BtHcHAMFUgwiaa1NN5qMA\"]}]}<\/script>\n<!-- \/ Yoast SEO plugin. -->","yoast_head_json":{"title":"Citizenship Academy | Academia Cidad\u00e3","robots":{"index":"index","follow":"follow","max-snippet":"max-snippet:-1","max-image-preview":"max-image-preview:large","max-video-preview":"max-video-preview:-1"},"canonical":"https:\/\/academiacidada.org\/inicio\/","og_locale":"en_US","og_type":"article","og_title":"[:pt]Academia Cidad\u00e3 | Citizenship Academy[:en]Citizenship Academy | Academia Cidad\u00e3[:]","og_description":"The Citizenship Academy promotes the human person dignity in its own diversity, multiculturality and interculturality, the deepening of democracy and the construction of a universally free, fair, conscientious, critical thinking, solidary and fraternal society.","og_url":"https:\/\/academiacidada.org\/inicio\/","og_site_name":"Citizenship Academy","article_publisher":"https:\/\/www.facebook.com\/AcademiaCidada\/","article_modified_time":"2015-11-16T01:51:00+00:00","og_image":[{"width":613,"height":318,"url":"https:\/\/academiacidada.org\/wp-content\/uploads\/2015\/11\/AC_pt-en.gif","type":"image\/gif"}],"twitter_card":"summary_large_image","twitter_site":"@academiacidada","schema":{"@context":"https:\/\/schema.org","@graph":[{"@type":"WebPage","@id":"https:\/\/academiacidada.org\/inicio\/","url":"https:\/\/academiacidada.org\/inicio\/","name":"[:pt]Academia Cidad\u00e3 | Citizenship Academy[:en]Citizenship Academy | Academia Cidad\u00e3[:]","isPartOf":{"@id":"https:\/\/academiacidada.org\/#website"},"primaryImageOfPage":{"@id":"https:\/\/academiacidada.org\/inicio\/#primaryimage"},"image":{"@id":"https:\/\/academiacidada.org\/inicio\/#primaryimage"},"thumbnailUrl":"https:\/\/i0.wp.com\/academiacidada.org\/wp-content\/uploads\/2015\/11\/AC_pt-en.gif?fit=613%2C318&ssl=1","datePublished":"2013-11-27T21:08:17+00:00","dateModified":"2015-11-16T01:51:00+00:00","breadcrumb":{"@id":"https:\/\/academiacidada.org\/inicio\/#breadcrumb"},"inLanguage":"en-US","potentialAction":[{"@type":"ReadAction","target":["https:\/\/academiacidada.org\/inicio\/"]}]},{"@type":"ImageObject","inLanguage":"en-US","@id":"https:\/\/academiacidada.org\/inicio\/#primaryimage","url":"https:\/\/i0.wp.com\/academiacidada.org\/wp-content\/uploads\/2015\/11\/AC_pt-en.gif?fit=613%2C318&ssl=1","contentUrl":"https:\/\/i0.wp.com\/academiacidada.org\/wp-content\/uploads\/2015\/11\/AC_pt-en.gif?fit=613%2C318&ssl=1","width":613,"height":318},{"@type":"BreadcrumbList","@id":"https:\/\/academiacidada.org\/inicio\/#breadcrumb","itemListElement":[{"@type":"ListItem","position":1,"name":"In\u00edcio","item":"https:\/\/academiacidada.org\/"},{"@type":"ListItem","position":2,"name":"In\u00edcio"}]},{"@type":"WebSite","@id":"https:\/\/academiacidada.org\/#website","url":"https:\/\/academiacidada.org\/","name":"Citizenship Academy","description":"Learning and action for citizenship","publisher":{"@id":"https:\/\/academiacidada.org\/#organization"},"potentialAction":[{"@type":"SearchAction","target":{"@type":"EntryPoint","urlTemplate":"https:\/\/academiacidada.org\/?s={search_term_string}"},"query-input":{"@type":"PropertyValueSpecification","valueRequired":true,"valueName":"search_term_string"}}],"inLanguage":"en-US"},{"@type":"Organization","@id":"https:\/\/academiacidada.org\/#organization","name":"Citizenship Academy","url":"https:\/\/academiacidada.org\/","logo":{"@type":"ImageObject","inLanguage":"en-US","@id":"https:\/\/academiacidada.org\/#\/schema\/logo\/image\/","url":"https:\/\/i0.wp.com\/academiacidada.org\/wp-content\/uploads\/2015\/11\/Logo-vector-horizontal-EN-PT1.png?fit=846%2C392&ssl=1","contentUrl":"https:\/\/i0.wp.com\/academiacidada.org\/wp-content\/uploads\/2015\/11\/Logo-vector-horizontal-EN-PT1.png?fit=846%2C392&ssl=1","width":846,"height":392,"caption":"Citizenship Academy"},"image":{"@id":"https:\/\/academiacidada.org\/#\/schema\/logo\/image\/"},"sameAs":["https:\/\/www.facebook.com\/AcademiaCidada\/","https:\/\/x.com\/academiacidada","https:\/\/www.instagram.com\/academiacidada\/","https:\/\/www.linkedin.com\/company\/academia-cidad\u00e3-citizenship-academy\/","https:\/\/www.youtube.com\/watch?v=7Ibm6PbmM_s&amp;amp;amp;list=PLbwodcpspez4BtHcHAMFUgwiaa1NN5qMA"]}]}},"jetpack_shortlink":"https:\/\/wp.me\/P5WVLn-y","jetpack-related-posts":[{"id":2,"url":"https:\/\/academiacidada.org\/en\/manifesto\/","url_meta":{"origin":34,"position":0},"title":"Manifesto | Who we are","author":"Academia Cidad\u00e3","date":"Wednesday November 27th, 2013","format":false,"excerpt":"Citizenship Academy promotes the deepening of democracy, human dignity in all its diversity, multiculturalism, interculturalism, and the building of a universally free, fair, conscious, critical, and solidarity-based society. We uphold the implementation of the Universal Declaration of Human Rights, the Charter of Fundamental Rights of the European Union, and the\u2026","rel":"","context":"With 7 comments","block_context":{"text":"With 7 comments","link":"https:\/\/academiacidada.org\/en\/manifesto\/#comments"},"img":{"alt_text":"","src":"https:\/\/i0.wp.com\/academiacidada.org\/wp-content\/uploads\/2015\/03\/0-geracao.jpg?fit=1000%2C463&ssl=1&resize=350%2C200","width":350,"height":200,"srcset":"https:\/\/i0.wp.com\/academiacidada.org\/wp-content\/uploads\/2015\/03\/0-geracao.jpg?fit=1000%2C463&ssl=1&resize=350%2C200 1x, https:\/\/i0.wp.com\/academiacidada.org\/wp-content\/uploads\/2015\/03\/0-geracao.jpg?fit=1000%2C463&ssl=1&resize=525%2C300 1.5x, https:\/\/i0.wp.com\/academiacidada.org\/wp-content\/uploads\/2015\/03\/0-geracao.jpg?fit=1000%2C463&ssl=1&resize=700%2C400 2x"},"classes":[]},{"id":776,"url":"https:\/\/academiacidada.org\/en\/cine-cafe-transatlantico\/","url_meta":{"origin":34,"position":1},"title":"Transatlantic Cine-Caf\u00e9","author":"Academia Cidad\u00e3","date":"Thursday April  9th, 2015","format":false,"excerpt":"Every\u00a03rd Tuesday of each month, in the heart of the city (coffee Lisboa Vadia), we show documentaries followed by debates on the topics covered by the Transatlantic Treaties - TTIP, CETA and TISA.","rel":"","context":"Similar post","block_context":{"text":"Similar post","link":""},"img":{"alt_text":"","src":"https:\/\/i0.wp.com\/academiacidada.org\/wp-content\/uploads\/2015\/04\/LOGO-CINECAFE-vector.png?fit=609%2C621&ssl=1&resize=350%2C200","width":350,"height":200,"srcset":"https:\/\/i0.wp.com\/academiacidada.org\/wp-content\/uploads\/2015\/04\/LOGO-CINECAFE-vector.png?fit=609%2C621&ssl=1&resize=350%2C200 1x, https:\/\/i0.wp.com\/academiacidada.org\/wp-content\/uploads\/2015\/04\/LOGO-CINECAFE-vector.png?fit=609%2C621&ssl=1&resize=525%2C300 1.5x"},"classes":[]},{"id":4942,"url":"https:\/\/academiacidada.org\/en\/politica-de-privacidade-e-cookies\/","url_meta":{"origin":34,"position":2},"title":"Privacy and Cookies Policy","author":"Academia Cidad\u00e3","date":"Monday October 30th, 2023","format":false,"excerpt":"This Privacy and Cookies Policy (\"Policy\") governs the processing of personal data of users (hereinafter \"User\" or \"Users\") collected in the context of the use of the websites within the universe of the Association Academia Cidad\u00e3 (hereinafter \"websites\"), by the Association Academia Cidad\u00e3 (\"Association\"), reflecting the institutional concerns of the\u2026","rel":"","context":"Similar post","block_context":{"text":"Similar post","link":""},"img":{"alt_text":"","src":"","width":0,"height":0},"classes":[]},{"id":846,"url":"https:\/\/academiacidada.org\/en\/panorama-academia-cidada\/","url_meta":{"origin":34,"position":3},"title":"Panorama Citizenship Academy","author":"Academia Cidad\u00e3","date":"Thursday April 16th, 2015","format":false,"excerpt":"Panorama Citizen Academy is a newsletter published by the Citizen Academy. Every 15 days we select news, articles, movies, books, pictures, events, initiatives and campaigns we want to share with you. You will get information about activism, citizenship, non-governmental organizations campaigns, local and global politics, human rights, gender and LGBT\u2026","rel":"","context":"Similar post","block_context":{"text":"Similar post","link":""},"img":{"alt_text":"","src":"https:\/\/i0.wp.com\/academiacidada.org\/wp-content\/uploads\/2015\/04\/Logo-PANORAMA-Curvas-01.png?fit=1200%2C552&ssl=1&resize=350%2C200","width":350,"height":200,"srcset":"https:\/\/i0.wp.com\/academiacidada.org\/wp-content\/uploads\/2015\/04\/Logo-PANORAMA-Curvas-01.png?fit=1200%2C552&ssl=1&resize=350%2C200 1x, https:\/\/i0.wp.com\/academiacidada.org\/wp-content\/uploads\/2015\/04\/Logo-PANORAMA-Curvas-01.png?fit=1200%2C552&ssl=1&resize=525%2C300 1.5x, https:\/\/i0.wp.com\/academiacidada.org\/wp-content\/uploads\/2015\/04\/Logo-PANORAMA-Curvas-01.png?fit=1200%2C552&ssl=1&resize=700%2C400 2x, https:\/\/i0.wp.com\/academiacidada.org\/wp-content\/uploads\/2015\/04\/Logo-PANORAMA-Curvas-01.png?fit=1200%2C552&ssl=1&resize=1050%2C600 3x"},"classes":[]},{"id":91,"url":"https:\/\/academiacidada.org\/en\/newsletter\/","url_meta":{"origin":34,"position":4},"title":"Newsletter","author":"Academia Cidad\u00e3","date":"Friday December  6th, 2013","format":false,"excerpt":"","rel":"","context":"Similar post","block_context":{"text":"Similar post","link":""},"img":{"alt_text":"","src":"https:\/\/i0.wp.com\/academiacidada.org\/wp-content\/uploads\/2015\/11\/Sem-t%C3%ADtulo.jpg?fit=1200%2C566&ssl=1&resize=350%2C200","width":350,"height":200,"srcset":"https:\/\/i0.wp.com\/academiacidada.org\/wp-content\/uploads\/2015\/11\/Sem-t%C3%ADtulo.jpg?fit=1200%2C566&ssl=1&resize=350%2C200 1x, https:\/\/i0.wp.com\/academiacidada.org\/wp-content\/uploads\/2015\/11\/Sem-t%C3%ADtulo.jpg?fit=1200%2C566&ssl=1&resize=525%2C300 1.5x, https:\/\/i0.wp.com\/academiacidada.org\/wp-content\/uploads\/2015\/11\/Sem-t%C3%ADtulo.jpg?fit=1200%2C566&ssl=1&resize=700%2C400 2x, https:\/\/i0.wp.com\/academiacidada.org\/wp-content\/uploads\/2015\/11\/Sem-t%C3%ADtulo.jpg?fit=1200%2C566&ssl=1&resize=1050%2C600 3x"},"classes":[]},{"id":379,"url":"https:\/\/academiacidada.org\/en\/estatutos\/","url_meta":{"origin":34,"position":5},"title":"Statutes, Board and Accountability","author":"Academia Cidad\u00e3","date":"Thursday March 20th, 2014","format":false,"excerpt":"The non-profit association \"Associa\u00e7\u00e3o Academia Cidad\u00e3 - AAC\" was registered in 15th of May 2012, and has formal accounting. Click to open: Statutes (PT) Click to open:\u00a0Regulations (PT) Statutory Bodies Rafaela Fonseca \u2013 President of the Board, and Jonni Lopes \u2013 Executive Director (Inaugurated in 24\/08\/2023) BOARD: President \u2013 Rafaela\u2026","rel":"","context":"Similar post","block_context":{"text":"Similar post","link":""},"img":{"alt_text":"","src":"https:\/\/i0.wp.com\/academiacidada.org\/wp-content\/uploads\/2015\/11\/Logo-vector-horizontal-EN-PT1.png?fit=846%2C392&ssl=1&resize=350%2C200","width":350,"height":200,"srcset":"https:\/\/i0.wp.com\/academiacidada.org\/wp-content\/uploads\/2015\/11\/Logo-vector-horizontal-EN-PT1.png?fit=846%2C392&ssl=1&resize=350%2C200 1x, https:\/\/i0.wp.com\/academiacidada.org\/wp-content\/uploads\/2015\/11\/Logo-vector-horizontal-EN-PT1.png?fit=846%2C392&ssl=1&resize=525%2C300 1.5x, https:\/\/i0.wp.com\/academiacidada.org\/wp-content\/uploads\/2015\/11\/Logo-vector-horizontal-EN-PT1.png?fit=846%2C392&ssl=1&resize=700%2C400 2x"},"classes":[]}],"jetpack_likes_enabled":false,"jetpack_sharing_enabled":true,"_links":{"self":[{"href":"https:\/\/academiacidada.org\/en\/wp-json\/wp\/v2\/pages\/34","targetHints":{"allow":["GET"]}}],"collection":[{"href":"https:\/\/academiacidada.org\/en\/wp-json\/wp\/v2\/pages"}],"about":[{"href":"https:\/\/academiacidada.org\/en\/wp-json\/wp\/v2\/types\/page"}],"author":[{"embeddable":true,"href":"https:\/\/academiacidada.org\/en\/wp-json\/wp\/v2\/users\/1"}],"replies":[{"embeddable":true,"href":"https:\/\/academiacidada.org\/en\/wp-json\/wp\/v2\/comments?post=34"}],"version-history":[{"count":12,"href":"https:\/\/academiacidada.org\/en\/wp-json\/wp\/v2\/pages\/34\/revisions"}],"predecessor-version":[{"id":1236,"href":"https:\/\/academiacidada.org\/en\/wp-json\/wp\/v2\/pages\/34\/revisions\/1236"}],"wp:featuredmedia":[{"embeddable":true,"href":"https:\/\/academiacidada.org\/en\/wp-json\/wp\/v2\/media\/1269"}],"wp:attachment":[{"href":"https:\/\/academiacidada.org\/en\/wp-json\/wp\/v2\/media?parent=34"}],"curies":[{"name":"wp","href":"https:\/\/api.w.org\/{rel}","templated":true}]}}