{"id":2767,"date":"2017-10-31T11:07:11","date_gmt":"2017-10-31T11:07:11","guid":{"rendered":"http:\/\/academiacidada.org\/?page_id=2767"},"modified":"2017-10-31T11:27:10","modified_gmt":"2017-10-31T11:27:10","slug":"voluntariado-torna-te-ativista","status":"publish","type":"page","link":"https:\/\/academiacidada.org\/en\/voluntariado-torna-te-ativista\/","title":{"rendered":"(Portugu\u00eas) Voluntariado &#8211; Torna-te Ativista"},"content":{"rendered":"<p class=\"qtranxs-available-languages-message qtranxs-available-languages-message-en\">Sorry, this entry is only available in <a href=\"https:\/\/academiacidada.org\/pt\/wp-json\/wp\/v2\/pages\/2767\" class=\"qtranxs-available-language-link qtranxs-available-language-link-pt\" title=\"Portugu\u00eas\">Portugu\u00eas<\/a>. For the sake of viewer convenience, the content is shown below in the alternative language. You may click the link to switch the active language.<\/p><p><\/p>\n<h5>Tens um projeto ou gostavas de ajudar nas atividades que j\u00e1 est\u00e3o a decorrer?<\/h5>\n<h5>De megafone, pincel, c\u00e2mara, guitarra, computador na m\u00e3o&#8230; Ou com a ferramenta que inventes&#8230; Tu podes ser ativista!<\/h5>\n<h4>Vem mudar o mundo. Ou o teu bairro\/aldeia.<\/h4>\n<h3>Junta-te \u00e0 Academia Cidad\u00e3!<\/h3>\n<p><\/p>","protected":false},"excerpt":{"rendered":"<p>Sorry, this entry is only available in Portugu\u00eas. For the sake of viewer convenience, the content is shown below in the alternative language. You may click the link to switch the active language. Tens um projeto ou gostavas de ajudar nas atividades que j\u00e1 est\u00e3o a decorrer? De megafone, pincel, c\u00e2mara, guitarra, computador na m\u00e3o&#8230; [&hellip;]<\/p>\n","protected":false},"author":1,"featured_media":820,"parent":0,"menu_order":0,"comment_status":"closed","ping_status":"closed","template":"","meta":{"jetpack_post_was_ever_published":false,"footnotes":""},"class_list":["post-2767","page","type-page","status-publish","has-post-thumbnail","czr-hentry"],"yoast_head":"<!-- This site is optimized with the Yoast SEO plugin v27.4 - https:\/\/yoast.com\/product\/yoast-seo-wordpress\/ -->\n<title>(Portugu\u00eas) Voluntariado - Torna-te Ativista - Citizenship Academy<\/title>\n<meta name=\"robots\" content=\"index, follow, max-snippet:-1, max-image-preview:large, max-video-preview:-1\" \/>\n<link rel=\"canonical\" href=\"https:\/\/academiacidada.org\/en\/voluntariado-torna-te-ativista\/\" \/>\n<meta property=\"og:locale\" content=\"en_US\" \/>\n<meta property=\"og:type\" content=\"article\" \/>\n<meta property=\"og:title\" content=\"(Portugu\u00eas) Voluntariado - Torna-te Ativista - Citizenship Academy\" \/>\n<meta property=\"og:description\" content=\"Sorry, this entry is only available in Portugu\u00eas. For the sake of viewer convenience, the content is shown below in the alternative language. You may click the link to switch the active language. Tens um projeto ou gostavas de ajudar nas atividades que j\u00e1 est\u00e3o a decorrer? De megafone, pincel, c\u00e2mara, guitarra, computador na m\u00e3o&#8230; [&hellip;]\" \/>\n<meta property=\"og:url\" content=\"https:\/\/academiacidada.org\/en\/voluntariado-torna-te-ativista\/\" \/>\n<meta property=\"og:site_name\" content=\"Citizenship Academy\" \/>\n<meta property=\"article:publisher\" content=\"https:\/\/www.facebook.com\/AcademiaCidada\/\" \/>\n<meta property=\"article:modified_time\" content=\"2017-10-31T11:27:10+00:00\" \/>\n<meta property=\"og:image\" content=\"https:\/\/i1.wp.com\/academiacidada.org\/wp-content\/uploads\/2015\/03\/81574107-99ac-4ed8-965b-900812d9abea.jpg?fit=960%2C641&ssl=1\" \/>\n\t<meta property=\"og:image:width\" content=\"960\" \/>\n\t<meta property=\"og:image:height\" content=\"641\" \/>\n\t<meta property=\"og:image:type\" content=\"image\/jpeg\" \/>\n<meta name=\"twitter:card\" content=\"summary_large_image\" \/>\n<meta name=\"twitter:site\" content=\"@academiacidada\" \/>\n<script type=\"application\/ld+json\" class=\"yoast-schema-graph\">{\"@context\":\"https:\\\/\\\/schema.org\",\"@graph\":[{\"@type\":\"WebPage\",\"@id\":\"https:\\\/\\\/academiacidada.org\\\/en\\\/voluntariado-torna-te-ativista\\\/\",\"url\":\"https:\\\/\\\/academiacidada.org\\\/en\\\/voluntariado-torna-te-ativista\\\/\",\"name\":\"(Portugu\u00eas) Voluntariado - Torna-te Ativista - Citizenship Academy\",\"isPartOf\":{\"@id\":\"https:\\\/\\\/academiacidada.org\\\/#website\"},\"primaryImageOfPage\":{\"@id\":\"https:\\\/\\\/academiacidada.org\\\/en\\\/voluntariado-torna-te-ativista\\\/#primaryimage\"},\"image\":{\"@id\":\"https:\\\/\\\/academiacidada.org\\\/en\\\/voluntariado-torna-te-ativista\\\/#primaryimage\"},\"thumbnailUrl\":\"https:\\\/\\\/i0.wp.com\\\/academiacidada.org\\\/wp-content\\\/uploads\\\/2015\\\/03\\\/81574107-99ac-4ed8-965b-900812d9abea.jpg?fit=960%2C641&ssl=1\",\"datePublished\":\"2017-10-31T11:07:11+00:00\",\"dateModified\":\"2017-10-31T11:27:10+00:00\",\"breadcrumb\":{\"@id\":\"https:\\\/\\\/academiacidada.org\\\/en\\\/voluntariado-torna-te-ativista\\\/#breadcrumb\"},\"inLanguage\":\"en-US\",\"potentialAction\":[{\"@type\":\"ReadAction\",\"target\":[\"https:\\\/\\\/academiacidada.org\\\/en\\\/voluntariado-torna-te-ativista\\\/\"]}]},{\"@type\":\"ImageObject\",\"inLanguage\":\"en-US\",\"@id\":\"https:\\\/\\\/academiacidada.org\\\/en\\\/voluntariado-torna-te-ativista\\\/#primaryimage\",\"url\":\"https:\\\/\\\/i0.wp.com\\\/academiacidada.org\\\/wp-content\\\/uploads\\\/2015\\\/03\\\/81574107-99ac-4ed8-965b-900812d9abea.jpg?fit=960%2C641&ssl=1\",\"contentUrl\":\"https:\\\/\\\/i0.wp.com\\\/academiacidada.org\\\/wp-content\\\/uploads\\\/2015\\\/03\\\/81574107-99ac-4ed8-965b-900812d9abea.jpg?fit=960%2C641&ssl=1\",\"width\":960,\"height\":641},{\"@type\":\"BreadcrumbList\",\"@id\":\"https:\\\/\\\/academiacidada.org\\\/en\\\/voluntariado-torna-te-ativista\\\/#breadcrumb\",\"itemListElement\":[{\"@type\":\"ListItem\",\"position\":1,\"name\":\"In\u00edcio\",\"item\":\"https:\\\/\\\/academiacidada.org\\\/\"},{\"@type\":\"ListItem\",\"position\":2,\"name\":\"(Portugu\u00eas) Voluntariado &#8211; Torna-te Ativista\"}]},{\"@type\":\"WebSite\",\"@id\":\"https:\\\/\\\/academiacidada.org\\\/#website\",\"url\":\"https:\\\/\\\/academiacidada.org\\\/\",\"name\":\"Citizenship Academy\",\"description\":\"Learning and action for citizenship\",\"publisher\":{\"@id\":\"https:\\\/\\\/academiacidada.org\\\/#organization\"},\"potentialAction\":[{\"@type\":\"SearchAction\",\"target\":{\"@type\":\"EntryPoint\",\"urlTemplate\":\"https:\\\/\\\/academiacidada.org\\\/?s={search_term_string}\"},\"query-input\":{\"@type\":\"PropertyValueSpecification\",\"valueRequired\":true,\"valueName\":\"search_term_string\"}}],\"inLanguage\":\"en-US\"},{\"@type\":\"Organization\",\"@id\":\"https:\\\/\\\/academiacidada.org\\\/#organization\",\"name\":\"Citizenship Academy\",\"url\":\"https:\\\/\\\/academiacidada.org\\\/\",\"logo\":{\"@type\":\"ImageObject\",\"inLanguage\":\"en-US\",\"@id\":\"https:\\\/\\\/academiacidada.org\\\/#\\\/schema\\\/logo\\\/image\\\/\",\"url\":\"https:\\\/\\\/i0.wp.com\\\/academiacidada.org\\\/wp-content\\\/uploads\\\/2015\\\/11\\\/Logo-vector-horizontal-EN-PT1.png?fit=846%2C392&ssl=1\",\"contentUrl\":\"https:\\\/\\\/i0.wp.com\\\/academiacidada.org\\\/wp-content\\\/uploads\\\/2015\\\/11\\\/Logo-vector-horizontal-EN-PT1.png?fit=846%2C392&ssl=1\",\"width\":846,\"height\":392,\"caption\":\"Citizenship Academy\"},\"image\":{\"@id\":\"https:\\\/\\\/academiacidada.org\\\/#\\\/schema\\\/logo\\\/image\\\/\"},\"sameAs\":[\"https:\\\/\\\/www.facebook.com\\\/AcademiaCidada\\\/\",\"https:\\\/\\\/x.com\\\/academiacidada\",\"https:\\\/\\\/www.instagram.com\\\/academiacidada\\\/\",\"https:\\\/\\\/www.linkedin.com\\\/company\\\/academia-cidad\u00e3-citizenship-academy\\\/\",\"https:\\\/\\\/www.youtube.com\\\/watch?v=7Ibm6PbmM_s&amp;amp;amp;list=PLbwodcpspez4BtHcHAMFUgwiaa1NN5qMA\"]}]}<\/script>\n<!-- \/ Yoast SEO plugin. -->","yoast_head_json":{"title":"(Portugu\u00eas) Voluntariado - Torna-te Ativista - Citizenship Academy","robots":{"index":"index","follow":"follow","max-snippet":"max-snippet:-1","max-image-preview":"max-image-preview:large","max-video-preview":"max-video-preview:-1"},"canonical":"https:\/\/academiacidada.org\/en\/voluntariado-torna-te-ativista\/","og_locale":"en_US","og_type":"article","og_title":"(Portugu\u00eas) Voluntariado - Torna-te Ativista - Citizenship Academy","og_description":"Sorry, this entry is only available in Portugu\u00eas. For the sake of viewer convenience, the content is shown below in the alternative language. You may click the link to switch the active language. Tens um projeto ou gostavas de ajudar nas atividades que j\u00e1 est\u00e3o a decorrer? De megafone, pincel, c\u00e2mara, guitarra, computador na m\u00e3o&#8230; [&hellip;]","og_url":"https:\/\/academiacidada.org\/en\/voluntariado-torna-te-ativista\/","og_site_name":"Citizenship Academy","article_publisher":"https:\/\/www.facebook.com\/AcademiaCidada\/","article_modified_time":"2017-10-31T11:27:10+00:00","og_image":[{"width":960,"height":641,"url":"https:\/\/i1.wp.com\/academiacidada.org\/wp-content\/uploads\/2015\/03\/81574107-99ac-4ed8-965b-900812d9abea.jpg?fit=960%2C641&ssl=1","type":"image\/jpeg"}],"twitter_card":"summary_large_image","twitter_site":"@academiacidada","schema":{"@context":"https:\/\/schema.org","@graph":[{"@type":"WebPage","@id":"https:\/\/academiacidada.org\/en\/voluntariado-torna-te-ativista\/","url":"https:\/\/academiacidada.org\/en\/voluntariado-torna-te-ativista\/","name":"(Portugu\u00eas) Voluntariado - Torna-te Ativista - Citizenship Academy","isPartOf":{"@id":"https:\/\/academiacidada.org\/#website"},"primaryImageOfPage":{"@id":"https:\/\/academiacidada.org\/en\/voluntariado-torna-te-ativista\/#primaryimage"},"image":{"@id":"https:\/\/academiacidada.org\/en\/voluntariado-torna-te-ativista\/#primaryimage"},"thumbnailUrl":"https:\/\/i0.wp.com\/academiacidada.org\/wp-content\/uploads\/2015\/03\/81574107-99ac-4ed8-965b-900812d9abea.jpg?fit=960%2C641&ssl=1","datePublished":"2017-10-31T11:07:11+00:00","dateModified":"2017-10-31T11:27:10+00:00","breadcrumb":{"@id":"https:\/\/academiacidada.org\/en\/voluntariado-torna-te-ativista\/#breadcrumb"},"inLanguage":"en-US","potentialAction":[{"@type":"ReadAction","target":["https:\/\/academiacidada.org\/en\/voluntariado-torna-te-ativista\/"]}]},{"@type":"ImageObject","inLanguage":"en-US","@id":"https:\/\/academiacidada.org\/en\/voluntariado-torna-te-ativista\/#primaryimage","url":"https:\/\/i0.wp.com\/academiacidada.org\/wp-content\/uploads\/2015\/03\/81574107-99ac-4ed8-965b-900812d9abea.jpg?fit=960%2C641&ssl=1","contentUrl":"https:\/\/i0.wp.com\/academiacidada.org\/wp-content\/uploads\/2015\/03\/81574107-99ac-4ed8-965b-900812d9abea.jpg?fit=960%2C641&ssl=1","width":960,"height":641},{"@type":"BreadcrumbList","@id":"https:\/\/academiacidada.org\/en\/voluntariado-torna-te-ativista\/#breadcrumb","itemListElement":[{"@type":"ListItem","position":1,"name":"In\u00edcio","item":"https:\/\/academiacidada.org\/"},{"@type":"ListItem","position":2,"name":"(Portugu\u00eas) Voluntariado &#8211; Torna-te Ativista"}]},{"@type":"WebSite","@id":"https:\/\/academiacidada.org\/#website","url":"https:\/\/academiacidada.org\/","name":"Citizenship Academy","description":"Learning and action for citizenship","publisher":{"@id":"https:\/\/academiacidada.org\/#organization"},"potentialAction":[{"@type":"SearchAction","target":{"@type":"EntryPoint","urlTemplate":"https:\/\/academiacidada.org\/?s={search_term_string}"},"query-input":{"@type":"PropertyValueSpecification","valueRequired":true,"valueName":"search_term_string"}}],"inLanguage":"en-US"},{"@type":"Organization","@id":"https:\/\/academiacidada.org\/#organization","name":"Citizenship Academy","url":"https:\/\/academiacidada.org\/","logo":{"@type":"ImageObject","inLanguage":"en-US","@id":"https:\/\/academiacidada.org\/#\/schema\/logo\/image\/","url":"https:\/\/i0.wp.com\/academiacidada.org\/wp-content\/uploads\/2015\/11\/Logo-vector-horizontal-EN-PT1.png?fit=846%2C392&ssl=1","contentUrl":"https:\/\/i0.wp.com\/academiacidada.org\/wp-content\/uploads\/2015\/11\/Logo-vector-horizontal-EN-PT1.png?fit=846%2C392&ssl=1","width":846,"height":392,"caption":"Citizenship Academy"},"image":{"@id":"https:\/\/academiacidada.org\/#\/schema\/logo\/image\/"},"sameAs":["https:\/\/www.facebook.com\/AcademiaCidada\/","https:\/\/x.com\/academiacidada","https:\/\/www.instagram.com\/academiacidada\/","https:\/\/www.linkedin.com\/company\/academia-cidad\u00e3-citizenship-academy\/","https:\/\/www.youtube.com\/watch?v=7Ibm6PbmM_s&amp;amp;amp;list=PLbwodcpspez4BtHcHAMFUgwiaa1NN5qMA"]}]}},"jetpack_shortlink":"https:\/\/wp.me\/P5WVLn-ID","jetpack-related-posts":[{"id":379,"url":"https:\/\/academiacidada.org\/en\/estatutos\/","url_meta":{"origin":2767,"position":0},"title":"Statutes, Board and Accountability","author":"Academia Cidad\u00e3","date":"Thursday March 20th, 2014","format":false,"excerpt":"The non-profit association \"Associa\u00e7\u00e3o Academia Cidad\u00e3 - AAC\" was registered in 15th of May 2012, and has formal accounting. Click to open: Statutes (PT) Click to open:\u00a0Regulations (PT) Statutory Bodies Rafaela Fonseca \u2013 President of the Board, and Jonni Lopes \u2013 Executive Director (Inaugurated in 24\/08\/2023) BOARD: President \u2013 Rafaela\u2026","rel":"","context":"Similar post","block_context":{"text":"Similar post","link":""},"img":{"alt_text":"","src":"https:\/\/i0.wp.com\/academiacidada.org\/wp-content\/uploads\/2015\/11\/Logo-vector-horizontal-EN-PT1.png?fit=846%2C392&ssl=1&resize=350%2C200","width":350,"height":200,"srcset":"https:\/\/i0.wp.com\/academiacidada.org\/wp-content\/uploads\/2015\/11\/Logo-vector-horizontal-EN-PT1.png?fit=846%2C392&ssl=1&resize=350%2C200 1x, https:\/\/i0.wp.com\/academiacidada.org\/wp-content\/uploads\/2015\/11\/Logo-vector-horizontal-EN-PT1.png?fit=846%2C392&ssl=1&resize=525%2C300 1.5x, https:\/\/i0.wp.com\/academiacidada.org\/wp-content\/uploads\/2015\/11\/Logo-vector-horizontal-EN-PT1.png?fit=846%2C392&ssl=1&resize=700%2C400 2x"},"classes":[]},{"id":29,"url":"https:\/\/academiacidada.org\/en\/polos\/","url_meta":{"origin":2767,"position":1},"title":"Conceptual Poles","author":"Academia Cidad\u00e3","date":"Wednesday November 27th, 2013","format":false,"excerpt":"Get to know each pole's activities:","rel":"","context":"Similar post","block_context":{"text":"Similar post","link":""},"img":{"alt_text":"","src":"https:\/\/i0.wp.com\/academiacidada.org\/wp-content\/uploads\/2013\/11\/organograma3_ACADEMIACIDADA.gif?fit=595%2C595&ssl=1&resize=350%2C200","width":350,"height":200,"srcset":"https:\/\/i0.wp.com\/academiacidada.org\/wp-content\/uploads\/2013\/11\/organograma3_ACADEMIACIDADA.gif?fit=595%2C595&ssl=1&resize=350%2C200 1x, https:\/\/i0.wp.com\/academiacidada.org\/wp-content\/uploads\/2013\/11\/organograma3_ACADEMIACIDADA.gif?fit=595%2C595&ssl=1&resize=525%2C300 1.5x"},"classes":[]},{"id":1106,"url":"https:\/\/academiacidada.org\/en\/lisboativista\/","url_meta":{"origin":2767,"position":2},"title":"lisboAtivista","author":"Academia Cidad\u00e3","date":"Thursday November 12th, 2015","format":false,"excerpt":"The youth activism site! Latest News, Demonstrations, Multimedia, Society, History, Organizations, International","rel":"","context":"Similar post","block_context":{"text":"Similar post","link":""},"img":{"alt_text":"","src":"https:\/\/i0.wp.com\/academiacidada.org\/wp-content\/uploads\/2015\/11\/Lisboativista.png?fit=560%2C279&ssl=1&resize=350%2C200","width":350,"height":200,"srcset":"https:\/\/i0.wp.com\/academiacidada.org\/wp-content\/uploads\/2015\/11\/Lisboativista.png?fit=560%2C279&ssl=1&resize=350%2C200 1x, https:\/\/i0.wp.com\/academiacidada.org\/wp-content\/uploads\/2015\/11\/Lisboativista.png?fit=560%2C279&ssl=1&resize=525%2C300 1.5x"},"classes":[]},{"id":1875,"url":"https:\/\/academiacidada.org\/en\/1875-2\/","url_meta":{"origin":2767,"position":3},"title":"(Portugu\u00eas) O projeto Outros Campeonatos j\u00e1 est\u00e1 a come\u00e7ar!","author":"joanadias","date":"Tuesday November  8th, 2016","format":false,"excerpt":"Sorry, this entry is only available in Portugu\u00eas. For the sake of viewer convenience, the content is shown below in the alternative language. You may click the link to switch the active language.No dia 17 de outubro procedeu-se \u00e0 assinatura do protocolo, entre a Academia Cidad\u00e3 e a C\u00e2mara Municipal\u2026","rel":"","context":"Similar post","block_context":{"text":"Similar post","link":""},"img":{"alt_text":"","src":"https:\/\/i0.wp.com\/academiacidada.org\/wp-content\/uploads\/2016\/11\/IMG_1787-e1481046855857.jpg?fit=667%2C500&ssl=1&resize=350%2C200","width":350,"height":200,"srcset":"https:\/\/i0.wp.com\/academiacidada.org\/wp-content\/uploads\/2016\/11\/IMG_1787-e1481046855857.jpg?fit=667%2C500&ssl=1&resize=350%2C200 1x, https:\/\/i0.wp.com\/academiacidada.org\/wp-content\/uploads\/2016\/11\/IMG_1787-e1481046855857.jpg?fit=667%2C500&ssl=1&resize=525%2C300 1.5x"},"classes":[]},{"id":2,"url":"https:\/\/academiacidada.org\/en\/manifesto\/","url_meta":{"origin":2767,"position":4},"title":"Manifesto | Who we are","author":"Academia Cidad\u00e3","date":"Wednesday November 27th, 2013","format":false,"excerpt":"Citizenship Academy promotes the deepening of democracy, human dignity in all its diversity, multiculturalism, interculturalism, and the building of a universally free, fair, conscious, critical, and solidarity-based society. We uphold the implementation of the Universal Declaration of Human Rights, the Charter of Fundamental Rights of the European Union, and the\u2026","rel":"","context":"With 7 comments","block_context":{"text":"With 7 comments","link":"https:\/\/academiacidada.org\/en\/manifesto\/#comments"},"img":{"alt_text":"","src":"https:\/\/i0.wp.com\/academiacidada.org\/wp-content\/uploads\/2015\/03\/0-geracao.jpg?fit=1000%2C463&ssl=1&resize=350%2C200","width":350,"height":200,"srcset":"https:\/\/i0.wp.com\/academiacidada.org\/wp-content\/uploads\/2015\/03\/0-geracao.jpg?fit=1000%2C463&ssl=1&resize=350%2C200 1x, https:\/\/i0.wp.com\/academiacidada.org\/wp-content\/uploads\/2015\/03\/0-geracao.jpg?fit=1000%2C463&ssl=1&resize=525%2C300 1.5x, https:\/\/i0.wp.com\/academiacidada.org\/wp-content\/uploads\/2015\/03\/0-geracao.jpg?fit=1000%2C463&ssl=1&resize=700%2C400 2x"},"classes":[]},{"id":59,"url":"https:\/\/academiacidada.org\/en\/contacto\/","url_meta":{"origin":2767,"position":5},"title":"Contact","author":"Academia Cidad\u00e3","date":"Friday December  6th, 2013","format":false,"excerpt":"E-mail: info@academiacidada.orgPhone: (+351) 932610457","rel":"","context":"In &quot;Article&quot;","block_context":{"text":"Article","link":"https:\/\/academiacidada.org\/en\/category\/artigo\/"},"img":{"alt_text":"","src":"","width":0,"height":0},"classes":[]}],"jetpack_likes_enabled":false,"jetpack_sharing_enabled":true,"_links":{"self":[{"href":"https:\/\/academiacidada.org\/en\/wp-json\/wp\/v2\/pages\/2767","targetHints":{"allow":["GET"]}}],"collection":[{"href":"https:\/\/academiacidada.org\/en\/wp-json\/wp\/v2\/pages"}],"about":[{"href":"https:\/\/academiacidada.org\/en\/wp-json\/wp\/v2\/types\/page"}],"author":[{"embeddable":true,"href":"https:\/\/academiacidada.org\/en\/wp-json\/wp\/v2\/users\/1"}],"replies":[{"embeddable":true,"href":"https:\/\/academiacidada.org\/en\/wp-json\/wp\/v2\/comments?post=2767"}],"version-history":[{"count":5,"href":"https:\/\/academiacidada.org\/en\/wp-json\/wp\/v2\/pages\/2767\/revisions"}],"predecessor-version":[{"id":2773,"href":"https:\/\/academiacidada.org\/en\/wp-json\/wp\/v2\/pages\/2767\/revisions\/2773"}],"wp:featuredmedia":[{"embeddable":true,"href":"https:\/\/academiacidada.org\/en\/wp-json\/wp\/v2\/media\/820"}],"wp:attachment":[{"href":"https:\/\/academiacidada.org\/en\/wp-json\/wp\/v2\/media?parent=2767"}],"curies":[{"name":"wp","href":"https:\/\/api.w.org\/{rel}","templated":true}]}}