{"id":2277,"date":"2017-05-18T20:31:10","date_gmt":"2017-05-18T20:31:10","guid":{"rendered":"http:\/\/academiacidada.org\/?page_id=2277"},"modified":"2017-05-18T20:31:10","modified_gmt":"2017-05-18T20:31:10","slug":"outroscampeonatos","status":"publish","type":"page","link":"https:\/\/academiacidada.org\/en\/outroscampeonatos\/","title":{"rendered":"(Portugu\u00eas) Outros Campeonatos"},"content":{"rendered":"","protected":false},"excerpt":{"rendered":"","protected":false},"author":1,"featured_media":0,"parent":0,"menu_order":0,"comment_status":"closed","ping_status":"closed","template":"","meta":{"jetpack_post_was_ever_published":false,"footnotes":""},"class_list":["post-2277","page","type-page","status-publish","czr-hentry"],"yoast_head":"<!-- This site is optimized with the Yoast SEO plugin v27.3 - https:\/\/yoast.com\/product\/yoast-seo-wordpress\/ -->\n<title>(Portugu\u00eas) Outros Campeonatos - Citizenship Academy<\/title>\n<meta name=\"robots\" content=\"index, follow, max-snippet:-1, max-image-preview:large, max-video-preview:-1\" \/>\n<link rel=\"canonical\" href=\"https:\/\/academiacidada.org\/outroscampeonatos\/\" \/>\n<meta property=\"og:locale\" content=\"en_US\" \/>\n<meta property=\"og:type\" content=\"article\" \/>\n<meta property=\"og:title\" content=\"(Portugu\u00eas) Outros Campeonatos - Citizenship Academy\" \/>\n<meta property=\"og:url\" content=\"https:\/\/academiacidada.org\/outroscampeonatos\/\" \/>\n<meta property=\"og:site_name\" content=\"Citizenship Academy\" \/>\n<meta property=\"article:publisher\" content=\"https:\/\/www.facebook.com\/AcademiaCidada\/\" \/>\n<meta name=\"twitter:card\" content=\"summary_large_image\" \/>\n<meta name=\"twitter:site\" content=\"@academiacidada\" \/>\n<script type=\"application\/ld+json\" class=\"yoast-schema-graph\">{\"@context\":\"https:\\\/\\\/schema.org\",\"@graph\":[{\"@type\":\"WebPage\",\"@id\":\"https:\\\/\\\/academiacidada.org\\\/outroscampeonatos\\\/\",\"url\":\"https:\\\/\\\/academiacidada.org\\\/outroscampeonatos\\\/\",\"name\":\"(Portugu\u00eas) Outros Campeonatos - Citizenship Academy\",\"isPartOf\":{\"@id\":\"https:\\\/\\\/academiacidada.org\\\/#website\"},\"datePublished\":\"2017-05-18T20:31:10+00:00\",\"breadcrumb\":{\"@id\":\"https:\\\/\\\/academiacidada.org\\\/outroscampeonatos\\\/#breadcrumb\"},\"inLanguage\":\"en-US\",\"potentialAction\":[{\"@type\":\"ReadAction\",\"target\":[\"https:\\\/\\\/academiacidada.org\\\/outroscampeonatos\\\/\"]}]},{\"@type\":\"BreadcrumbList\",\"@id\":\"https:\\\/\\\/academiacidada.org\\\/outroscampeonatos\\\/#breadcrumb\",\"itemListElement\":[{\"@type\":\"ListItem\",\"position\":1,\"name\":\"In\u00edcio\",\"item\":\"https:\\\/\\\/academiacidada.org\\\/\"},{\"@type\":\"ListItem\",\"position\":2,\"name\":\"Outros Campeonatos\"}]},{\"@type\":\"WebSite\",\"@id\":\"https:\\\/\\\/academiacidada.org\\\/#website\",\"url\":\"https:\\\/\\\/academiacidada.org\\\/\",\"name\":\"Citizenship Academy\",\"description\":\"Learning and action for citizenship\",\"publisher\":{\"@id\":\"https:\\\/\\\/academiacidada.org\\\/#organization\"},\"potentialAction\":[{\"@type\":\"SearchAction\",\"target\":{\"@type\":\"EntryPoint\",\"urlTemplate\":\"https:\\\/\\\/academiacidada.org\\\/?s={search_term_string}\"},\"query-input\":{\"@type\":\"PropertyValueSpecification\",\"valueRequired\":true,\"valueName\":\"search_term_string\"}}],\"inLanguage\":\"en-US\"},{\"@type\":\"Organization\",\"@id\":\"https:\\\/\\\/academiacidada.org\\\/#organization\",\"name\":\"Citizenship Academy\",\"url\":\"https:\\\/\\\/academiacidada.org\\\/\",\"logo\":{\"@type\":\"ImageObject\",\"inLanguage\":\"en-US\",\"@id\":\"https:\\\/\\\/academiacidada.org\\\/#\\\/schema\\\/logo\\\/image\\\/\",\"url\":\"https:\\\/\\\/i0.wp.com\\\/academiacidada.org\\\/wp-content\\\/uploads\\\/2015\\\/11\\\/Logo-vector-horizontal-EN-PT1.png?fit=846%2C392&ssl=1\",\"contentUrl\":\"https:\\\/\\\/i0.wp.com\\\/academiacidada.org\\\/wp-content\\\/uploads\\\/2015\\\/11\\\/Logo-vector-horizontal-EN-PT1.png?fit=846%2C392&ssl=1\",\"width\":846,\"height\":392,\"caption\":\"Citizenship Academy\"},\"image\":{\"@id\":\"https:\\\/\\\/academiacidada.org\\\/#\\\/schema\\\/logo\\\/image\\\/\"},\"sameAs\":[\"https:\\\/\\\/www.facebook.com\\\/AcademiaCidada\\\/\",\"https:\\\/\\\/x.com\\\/academiacidada\",\"https:\\\/\\\/www.instagram.com\\\/academiacidada\\\/\",\"https:\\\/\\\/www.linkedin.com\\\/company\\\/academia-cidad\u00e3-citizenship-academy\\\/\",\"https:\\\/\\\/www.youtube.com\\\/watch?v=7Ibm6PbmM_s&amp;amp;amp;list=PLbwodcpspez4BtHcHAMFUgwiaa1NN5qMA\"]}]}<\/script>\n<!-- \/ Yoast SEO plugin. -->","yoast_head_json":{"title":"(Portugu\u00eas) Outros Campeonatos - Citizenship Academy","robots":{"index":"index","follow":"follow","max-snippet":"max-snippet:-1","max-image-preview":"max-image-preview:large","max-video-preview":"max-video-preview:-1"},"canonical":"https:\/\/academiacidada.org\/outroscampeonatos\/","og_locale":"en_US","og_type":"article","og_title":"(Portugu\u00eas) Outros Campeonatos - Citizenship Academy","og_url":"https:\/\/academiacidada.org\/outroscampeonatos\/","og_site_name":"Citizenship Academy","article_publisher":"https:\/\/www.facebook.com\/AcademiaCidada\/","twitter_card":"summary_large_image","twitter_site":"@academiacidada","schema":{"@context":"https:\/\/schema.org","@graph":[{"@type":"WebPage","@id":"https:\/\/academiacidada.org\/outroscampeonatos\/","url":"https:\/\/academiacidada.org\/outroscampeonatos\/","name":"(Portugu\u00eas) Outros Campeonatos - Citizenship Academy","isPartOf":{"@id":"https:\/\/academiacidada.org\/#website"},"datePublished":"2017-05-18T20:31:10+00:00","breadcrumb":{"@id":"https:\/\/academiacidada.org\/outroscampeonatos\/#breadcrumb"},"inLanguage":"en-US","potentialAction":[{"@type":"ReadAction","target":["https:\/\/academiacidada.org\/outroscampeonatos\/"]}]},{"@type":"BreadcrumbList","@id":"https:\/\/academiacidada.org\/outroscampeonatos\/#breadcrumb","itemListElement":[{"@type":"ListItem","position":1,"name":"In\u00edcio","item":"https:\/\/academiacidada.org\/"},{"@type":"ListItem","position":2,"name":"Outros Campeonatos"}]},{"@type":"WebSite","@id":"https:\/\/academiacidada.org\/#website","url":"https:\/\/academiacidada.org\/","name":"Citizenship Academy","description":"Learning and action for citizenship","publisher":{"@id":"https:\/\/academiacidada.org\/#organization"},"potentialAction":[{"@type":"SearchAction","target":{"@type":"EntryPoint","urlTemplate":"https:\/\/academiacidada.org\/?s={search_term_string}"},"query-input":{"@type":"PropertyValueSpecification","valueRequired":true,"valueName":"search_term_string"}}],"inLanguage":"en-US"},{"@type":"Organization","@id":"https:\/\/academiacidada.org\/#organization","name":"Citizenship Academy","url":"https:\/\/academiacidada.org\/","logo":{"@type":"ImageObject","inLanguage":"en-US","@id":"https:\/\/academiacidada.org\/#\/schema\/logo\/image\/","url":"https:\/\/i0.wp.com\/academiacidada.org\/wp-content\/uploads\/2015\/11\/Logo-vector-horizontal-EN-PT1.png?fit=846%2C392&ssl=1","contentUrl":"https:\/\/i0.wp.com\/academiacidada.org\/wp-content\/uploads\/2015\/11\/Logo-vector-horizontal-EN-PT1.png?fit=846%2C392&ssl=1","width":846,"height":392,"caption":"Citizenship Academy"},"image":{"@id":"https:\/\/academiacidada.org\/#\/schema\/logo\/image\/"},"sameAs":["https:\/\/www.facebook.com\/AcademiaCidada\/","https:\/\/x.com\/academiacidada","https:\/\/www.instagram.com\/academiacidada\/","https:\/\/www.linkedin.com\/company\/academia-cidad\u00e3-citizenship-academy\/","https:\/\/www.youtube.com\/watch?v=7Ibm6PbmM_s&amp;amp;amp;list=PLbwodcpspez4BtHcHAMFUgwiaa1NN5qMA"]}]}},"jetpack_shortlink":"https:\/\/wp.me\/P5WVLn-AJ","jetpack-related-posts":[{"id":1837,"url":"https:\/\/academiacidada.org\/en\/formulario-estagio-profissional-projeto-outros-campeonatos\/","url_meta":{"origin":2277,"position":0},"title":"(Portugu\u00eas) Formul\u00e1rio para Est\u00e1gio Profissional &#8211; Projeto &#8220;Outros Campeonatos&#8221;","author":"Academia Cidad\u00e3","date":"Saturday October  1st, 2016","format":false,"excerpt":"","rel":"","context":"Similar post","block_context":{"text":"Similar post","link":""},"img":{"alt_text":"","src":"","width":0,"height":0},"classes":[]},{"id":1875,"url":"https:\/\/academiacidada.org\/en\/1875-2\/","url_meta":{"origin":2277,"position":1},"title":"(Portugu\u00eas) O projeto Outros Campeonatos j\u00e1 est\u00e1 a come\u00e7ar!","author":"joanadias","date":"Tuesday November  8th, 2016","format":false,"excerpt":"Sorry, this entry is only available in Portugu\u00eas. For the sake of viewer convenience, the content is shown below in the alternative language. You may click the link to switch the active language.No dia 17 de outubro procedeu-se \u00e0 assinatura do protocolo, entre a Academia Cidad\u00e3 e a C\u00e2mara Municipal\u2026","rel":"","context":"Similar post","block_context":{"text":"Similar post","link":""},"img":{"alt_text":"","src":"https:\/\/i0.wp.com\/academiacidada.org\/wp-content\/uploads\/2016\/11\/IMG_1787-e1481046855857.jpg?fit=667%2C500&ssl=1&resize=350%2C200","width":350,"height":200,"srcset":"https:\/\/i0.wp.com\/academiacidada.org\/wp-content\/uploads\/2016\/11\/IMG_1787-e1481046855857.jpg?fit=667%2C500&ssl=1&resize=350%2C200 1x, https:\/\/i0.wp.com\/academiacidada.org\/wp-content\/uploads\/2016\/11\/IMG_1787-e1481046855857.jpg?fit=667%2C500&ssl=1&resize=525%2C300 1.5x"},"classes":[]},{"id":59,"url":"https:\/\/academiacidada.org\/en\/contacto\/","url_meta":{"origin":2277,"position":2},"title":"Contact","author":"Academia Cidad\u00e3","date":"Friday December  6th, 2013","format":false,"excerpt":"E-mail: info@academiacidada.orgPhone: (+351) 932610457","rel":"","context":"In &quot;Article&quot;","block_context":{"text":"Article","link":"https:\/\/academiacidada.org\/en\/category\/artigo\/"},"img":{"alt_text":"","src":"","width":0,"height":0},"classes":[]},{"id":710,"url":"https:\/\/academiacidada.org\/en\/nao-ao-ttip\/","url_meta":{"origin":2277,"position":3},"title":"STOP TTIP Portuguese Platform","author":"Academia Cidad\u00e3","date":"Thursday March 26th, 2015","format":false,"excerpt":"STOP TTIP Portuguese Platform","rel":"","context":"Similar post","block_context":{"text":"Similar post","link":""},"img":{"alt_text":"","src":"https:\/\/i0.wp.com\/academiacidada.org\/wp-content\/uploads\/2015\/03\/STOPTTIP.jpg?fit=1000%2C576&ssl=1&resize=350%2C200","width":350,"height":200,"srcset":"https:\/\/i0.wp.com\/academiacidada.org\/wp-content\/uploads\/2015\/03\/STOPTTIP.jpg?fit=1000%2C576&ssl=1&resize=350%2C200 1x, https:\/\/i0.wp.com\/academiacidada.org\/wp-content\/uploads\/2015\/03\/STOPTTIP.jpg?fit=1000%2C576&ssl=1&resize=525%2C300 1.5x, https:\/\/i0.wp.com\/academiacidada.org\/wp-content\/uploads\/2015\/03\/STOPTTIP.jpg?fit=1000%2C576&ssl=1&resize=700%2C400 2x"},"classes":[]},{"id":29,"url":"https:\/\/academiacidada.org\/en\/polos\/","url_meta":{"origin":2277,"position":4},"title":"Conceptual Poles","author":"Academia Cidad\u00e3","date":"Wednesday November 27th, 2013","format":false,"excerpt":"Get to know each pole's activities:","rel":"","context":"Similar post","block_context":{"text":"Similar post","link":""},"img":{"alt_text":"","src":"https:\/\/i0.wp.com\/academiacidada.org\/wp-content\/uploads\/2013\/11\/organograma3_ACADEMIACIDADA.gif?fit=595%2C595&ssl=1&resize=350%2C200","width":350,"height":200,"srcset":"https:\/\/i0.wp.com\/academiacidada.org\/wp-content\/uploads\/2013\/11\/organograma3_ACADEMIACIDADA.gif?fit=595%2C595&ssl=1&resize=350%2C200 1x, https:\/\/i0.wp.com\/academiacidada.org\/wp-content\/uploads\/2013\/11\/organograma3_ACADEMIACIDADA.gif?fit=595%2C595&ssl=1&resize=525%2C300 1.5x"},"classes":[]},{"id":106,"url":"https:\/\/academiacidada.org\/en\/aguapublica\/","url_meta":{"origin":2277,"position":5},"title":"We Give Hands For The Public Water","author":"Academia Cidad\u00e3","date":"Friday December  6th, 2013","format":false,"excerpt":"Click in the image to know the campaign:","rel":"","context":"Similar post","block_context":{"text":"Similar post","link":""},"img":{"alt_text":"","src":"https:\/\/i0.wp.com\/academiacidada.org\/wp-content\/uploads\/2013\/12\/logo-DAMOS-MAOS-AGUA-PUBLICA-foto.gif?fit=425%2C425&ssl=1&resize=350%2C200","width":350,"height":200},"classes":[]}],"jetpack_likes_enabled":false,"jetpack_sharing_enabled":true,"_links":{"self":[{"href":"https:\/\/academiacidada.org\/en\/wp-json\/wp\/v2\/pages\/2277","targetHints":{"allow":["GET"]}}],"collection":[{"href":"https:\/\/academiacidada.org\/en\/wp-json\/wp\/v2\/pages"}],"about":[{"href":"https:\/\/academiacidada.org\/en\/wp-json\/wp\/v2\/types\/page"}],"author":[{"embeddable":true,"href":"https:\/\/academiacidada.org\/en\/wp-json\/wp\/v2\/users\/1"}],"replies":[{"embeddable":true,"href":"https:\/\/academiacidada.org\/en\/wp-json\/wp\/v2\/comments?post=2277"}],"version-history":[{"count":1,"href":"https:\/\/academiacidada.org\/en\/wp-json\/wp\/v2\/pages\/2277\/revisions"}],"predecessor-version":[{"id":2278,"href":"https:\/\/academiacidada.org\/en\/wp-json\/wp\/v2\/pages\/2277\/revisions\/2278"}],"wp:attachment":[{"href":"https:\/\/academiacidada.org\/en\/wp-json\/wp\/v2\/media?parent=2277"}],"curies":[{"name":"wp","href":"https:\/\/api.w.org\/{rel}","templated":true}]}}