{"id":1521,"date":"2016-04-15T18:56:58","date_gmt":"2016-04-15T18:56:58","guid":{"rendered":"http:\/\/academiacidada.org\/?page_id=1521"},"modified":"2016-05-07T21:04:02","modified_gmt":"2016-05-07T21:04:02","slug":"inscricao-jantar-dd","status":"publish","type":"page","link":"https:\/\/academiacidada.org\/en\/inscricao-jantar-dd\/","title":{"rendered":"(Portugu\u00eas) Inscri\u00e7\u00e3o | Jantar-Debate Democracia Hoje"},"content":{"rendered":"","protected":false},"excerpt":{"rendered":"","protected":false},"author":1,"featured_media":1547,"parent":0,"menu_order":0,"comment_status":"closed","ping_status":"closed","template":"","meta":{"jetpack_post_was_ever_published":false,"footnotes":""},"class_list":["post-1521","page","type-page","status-publish","has-post-thumbnail","czr-hentry"],"yoast_head":"<!-- This site is optimized with the Yoast SEO plugin v27.3 - https:\/\/yoast.com\/product\/yoast-seo-wordpress\/ -->\n<title>(Portugu\u00eas) Inscri\u00e7\u00e3o | Jantar-Debate Democracia Hoje - Citizenship Academy<\/title>\n<meta name=\"robots\" content=\"index, follow, max-snippet:-1, max-image-preview:large, max-video-preview:-1\" \/>\n<link rel=\"canonical\" href=\"https:\/\/academiacidada.org\/inscricao-jantar-dd\/\" \/>\n<meta property=\"og:locale\" content=\"en_US\" \/>\n<meta property=\"og:type\" content=\"article\" \/>\n<meta property=\"og:title\" content=\"(Portugu\u00eas) Inscri\u00e7\u00e3o | Jantar-Debate Democracia Hoje - Citizenship Academy\" \/>\n<meta property=\"og:url\" content=\"https:\/\/academiacidada.org\/inscricao-jantar-dd\/\" \/>\n<meta property=\"og:site_name\" content=\"Citizenship Academy\" \/>\n<meta property=\"article:publisher\" content=\"https:\/\/www.facebook.com\/AcademiaCidada\/\" \/>\n<meta property=\"article:modified_time\" content=\"2016-05-07T21:04:02+00:00\" \/>\n<meta property=\"og:image\" content=\"https:\/\/academiacidada.org\/wp-content\/uploads\/2016\/04\/13177421_1003782386384761_1158270120487357058_n.png\" \/>\n\t<meta property=\"og:image:width\" content=\"800\" \/>\n\t<meta property=\"og:image:height\" content=\"298\" \/>\n\t<meta property=\"og:image:type\" content=\"image\/png\" \/>\n<meta name=\"twitter:card\" content=\"summary_large_image\" \/>\n<meta name=\"twitter:site\" content=\"@academiacidada\" \/>\n<script type=\"application\/ld+json\" class=\"yoast-schema-graph\">{\"@context\":\"https:\\\/\\\/schema.org\",\"@graph\":[{\"@type\":\"WebPage\",\"@id\":\"https:\\\/\\\/academiacidada.org\\\/inscricao-jantar-dd\\\/\",\"url\":\"https:\\\/\\\/academiacidada.org\\\/inscricao-jantar-dd\\\/\",\"name\":\"(Portugu\u00eas) Inscri\u00e7\u00e3o | Jantar-Debate Democracia Hoje - Citizenship Academy\",\"isPartOf\":{\"@id\":\"https:\\\/\\\/academiacidada.org\\\/#website\"},\"primaryImageOfPage\":{\"@id\":\"https:\\\/\\\/academiacidada.org\\\/inscricao-jantar-dd\\\/#primaryimage\"},\"image\":{\"@id\":\"https:\\\/\\\/academiacidada.org\\\/inscricao-jantar-dd\\\/#primaryimage\"},\"thumbnailUrl\":\"https:\\\/\\\/i0.wp.com\\\/academiacidada.org\\\/wp-content\\\/uploads\\\/2016\\\/04\\\/13177421_1003782386384761_1158270120487357058_n.png?fit=800%2C298&ssl=1\",\"datePublished\":\"2016-04-15T18:56:58+00:00\",\"dateModified\":\"2016-05-07T21:04:02+00:00\",\"breadcrumb\":{\"@id\":\"https:\\\/\\\/academiacidada.org\\\/inscricao-jantar-dd\\\/#breadcrumb\"},\"inLanguage\":\"en-US\",\"potentialAction\":[{\"@type\":\"ReadAction\",\"target\":[\"https:\\\/\\\/academiacidada.org\\\/inscricao-jantar-dd\\\/\"]}]},{\"@type\":\"ImageObject\",\"inLanguage\":\"en-US\",\"@id\":\"https:\\\/\\\/academiacidada.org\\\/inscricao-jantar-dd\\\/#primaryimage\",\"url\":\"https:\\\/\\\/i0.wp.com\\\/academiacidada.org\\\/wp-content\\\/uploads\\\/2016\\\/04\\\/13177421_1003782386384761_1158270120487357058_n.png?fit=800%2C298&ssl=1\",\"contentUrl\":\"https:\\\/\\\/i0.wp.com\\\/academiacidada.org\\\/wp-content\\\/uploads\\\/2016\\\/04\\\/13177421_1003782386384761_1158270120487357058_n.png?fit=800%2C298&ssl=1\",\"width\":800,\"height\":298},{\"@type\":\"BreadcrumbList\",\"@id\":\"https:\\\/\\\/academiacidada.org\\\/inscricao-jantar-dd\\\/#breadcrumb\",\"itemListElement\":[{\"@type\":\"ListItem\",\"position\":1,\"name\":\"In\u00edcio\",\"item\":\"https:\\\/\\\/academiacidada.org\\\/\"},{\"@type\":\"ListItem\",\"position\":2,\"name\":\"Inscri\u00e7\u00e3o | Jantar-Debate Democracia Hoje\"}]},{\"@type\":\"WebSite\",\"@id\":\"https:\\\/\\\/academiacidada.org\\\/#website\",\"url\":\"https:\\\/\\\/academiacidada.org\\\/\",\"name\":\"Citizenship Academy\",\"description\":\"Learning and action for citizenship\",\"publisher\":{\"@id\":\"https:\\\/\\\/academiacidada.org\\\/#organization\"},\"potentialAction\":[{\"@type\":\"SearchAction\",\"target\":{\"@type\":\"EntryPoint\",\"urlTemplate\":\"https:\\\/\\\/academiacidada.org\\\/?s={search_term_string}\"},\"query-input\":{\"@type\":\"PropertyValueSpecification\",\"valueRequired\":true,\"valueName\":\"search_term_string\"}}],\"inLanguage\":\"en-US\"},{\"@type\":\"Organization\",\"@id\":\"https:\\\/\\\/academiacidada.org\\\/#organization\",\"name\":\"Citizenship Academy\",\"url\":\"https:\\\/\\\/academiacidada.org\\\/\",\"logo\":{\"@type\":\"ImageObject\",\"inLanguage\":\"en-US\",\"@id\":\"https:\\\/\\\/academiacidada.org\\\/#\\\/schema\\\/logo\\\/image\\\/\",\"url\":\"https:\\\/\\\/i0.wp.com\\\/academiacidada.org\\\/wp-content\\\/uploads\\\/2015\\\/11\\\/Logo-vector-horizontal-EN-PT1.png?fit=846%2C392&ssl=1\",\"contentUrl\":\"https:\\\/\\\/i0.wp.com\\\/academiacidada.org\\\/wp-content\\\/uploads\\\/2015\\\/11\\\/Logo-vector-horizontal-EN-PT1.png?fit=846%2C392&ssl=1\",\"width\":846,\"height\":392,\"caption\":\"Citizenship Academy\"},\"image\":{\"@id\":\"https:\\\/\\\/academiacidada.org\\\/#\\\/schema\\\/logo\\\/image\\\/\"},\"sameAs\":[\"https:\\\/\\\/www.facebook.com\\\/AcademiaCidada\\\/\",\"https:\\\/\\\/x.com\\\/academiacidada\",\"https:\\\/\\\/www.instagram.com\\\/academiacidada\\\/\",\"https:\\\/\\\/www.linkedin.com\\\/company\\\/academia-cidad\u00e3-citizenship-academy\\\/\",\"https:\\\/\\\/www.youtube.com\\\/watch?v=7Ibm6PbmM_s&amp;amp;amp;list=PLbwodcpspez4BtHcHAMFUgwiaa1NN5qMA\"]}]}<\/script>\n<!-- \/ Yoast SEO plugin. -->","yoast_head_json":{"title":"(Portugu\u00eas) Inscri\u00e7\u00e3o | Jantar-Debate Democracia Hoje - Citizenship Academy","robots":{"index":"index","follow":"follow","max-snippet":"max-snippet:-1","max-image-preview":"max-image-preview:large","max-video-preview":"max-video-preview:-1"},"canonical":"https:\/\/academiacidada.org\/inscricao-jantar-dd\/","og_locale":"en_US","og_type":"article","og_title":"(Portugu\u00eas) Inscri\u00e7\u00e3o | Jantar-Debate Democracia Hoje - Citizenship Academy","og_url":"https:\/\/academiacidada.org\/inscricao-jantar-dd\/","og_site_name":"Citizenship Academy","article_publisher":"https:\/\/www.facebook.com\/AcademiaCidada\/","article_modified_time":"2016-05-07T21:04:02+00:00","og_image":[{"width":800,"height":298,"url":"https:\/\/academiacidada.org\/wp-content\/uploads\/2016\/04\/13177421_1003782386384761_1158270120487357058_n.png","type":"image\/png"}],"twitter_card":"summary_large_image","twitter_site":"@academiacidada","schema":{"@context":"https:\/\/schema.org","@graph":[{"@type":"WebPage","@id":"https:\/\/academiacidada.org\/inscricao-jantar-dd\/","url":"https:\/\/academiacidada.org\/inscricao-jantar-dd\/","name":"(Portugu\u00eas) Inscri\u00e7\u00e3o | Jantar-Debate Democracia Hoje - Citizenship Academy","isPartOf":{"@id":"https:\/\/academiacidada.org\/#website"},"primaryImageOfPage":{"@id":"https:\/\/academiacidada.org\/inscricao-jantar-dd\/#primaryimage"},"image":{"@id":"https:\/\/academiacidada.org\/inscricao-jantar-dd\/#primaryimage"},"thumbnailUrl":"https:\/\/i0.wp.com\/academiacidada.org\/wp-content\/uploads\/2016\/04\/13177421_1003782386384761_1158270120487357058_n.png?fit=800%2C298&ssl=1","datePublished":"2016-04-15T18:56:58+00:00","dateModified":"2016-05-07T21:04:02+00:00","breadcrumb":{"@id":"https:\/\/academiacidada.org\/inscricao-jantar-dd\/#breadcrumb"},"inLanguage":"en-US","potentialAction":[{"@type":"ReadAction","target":["https:\/\/academiacidada.org\/inscricao-jantar-dd\/"]}]},{"@type":"ImageObject","inLanguage":"en-US","@id":"https:\/\/academiacidada.org\/inscricao-jantar-dd\/#primaryimage","url":"https:\/\/i0.wp.com\/academiacidada.org\/wp-content\/uploads\/2016\/04\/13177421_1003782386384761_1158270120487357058_n.png?fit=800%2C298&ssl=1","contentUrl":"https:\/\/i0.wp.com\/academiacidada.org\/wp-content\/uploads\/2016\/04\/13177421_1003782386384761_1158270120487357058_n.png?fit=800%2C298&ssl=1","width":800,"height":298},{"@type":"BreadcrumbList","@id":"https:\/\/academiacidada.org\/inscricao-jantar-dd\/#breadcrumb","itemListElement":[{"@type":"ListItem","position":1,"name":"In\u00edcio","item":"https:\/\/academiacidada.org\/"},{"@type":"ListItem","position":2,"name":"Inscri\u00e7\u00e3o | Jantar-Debate Democracia Hoje"}]},{"@type":"WebSite","@id":"https:\/\/academiacidada.org\/#website","url":"https:\/\/academiacidada.org\/","name":"Citizenship Academy","description":"Learning and action for citizenship","publisher":{"@id":"https:\/\/academiacidada.org\/#organization"},"potentialAction":[{"@type":"SearchAction","target":{"@type":"EntryPoint","urlTemplate":"https:\/\/academiacidada.org\/?s={search_term_string}"},"query-input":{"@type":"PropertyValueSpecification","valueRequired":true,"valueName":"search_term_string"}}],"inLanguage":"en-US"},{"@type":"Organization","@id":"https:\/\/academiacidada.org\/#organization","name":"Citizenship Academy","url":"https:\/\/academiacidada.org\/","logo":{"@type":"ImageObject","inLanguage":"en-US","@id":"https:\/\/academiacidada.org\/#\/schema\/logo\/image\/","url":"https:\/\/i0.wp.com\/academiacidada.org\/wp-content\/uploads\/2015\/11\/Logo-vector-horizontal-EN-PT1.png?fit=846%2C392&ssl=1","contentUrl":"https:\/\/i0.wp.com\/academiacidada.org\/wp-content\/uploads\/2015\/11\/Logo-vector-horizontal-EN-PT1.png?fit=846%2C392&ssl=1","width":846,"height":392,"caption":"Citizenship Academy"},"image":{"@id":"https:\/\/academiacidada.org\/#\/schema\/logo\/image\/"},"sameAs":["https:\/\/www.facebook.com\/AcademiaCidada\/","https:\/\/x.com\/academiacidada","https:\/\/www.instagram.com\/academiacidada\/","https:\/\/www.linkedin.com\/company\/academia-cidad\u00e3-citizenship-academy\/","https:\/\/www.youtube.com\/watch?v=7Ibm6PbmM_s&amp;amp;amp;list=PLbwodcpspez4BtHcHAMFUgwiaa1NN5qMA"]}]}},"jetpack_shortlink":"https:\/\/wp.me\/P5WVLn-ox","jetpack-related-posts":[{"id":2616,"url":"https:\/\/academiacidada.org\/en\/criatividade-formulario\/","url_meta":{"origin":1521,"position":0},"title":"(Portugu\u00eas) CriAtividade &#8211; formul\u00e1rio de inscri\u00e7\u00e3o","author":"Academia Cidad\u00e3","date":"Saturday October 14th, 2017","format":false,"excerpt":"","rel":"","context":"Similar post","block_context":{"text":"Similar post","link":""},"img":{"alt_text":"","src":"https:\/\/i0.wp.com\/academiacidada.org\/wp-content\/uploads\/2017\/10\/Capa-CriAtividade.png?fit=982%2C491&ssl=1&resize=350%2C200","width":350,"height":200,"srcset":"https:\/\/i0.wp.com\/academiacidada.org\/wp-content\/uploads\/2017\/10\/Capa-CriAtividade.png?fit=982%2C491&ssl=1&resize=350%2C200 1x, https:\/\/i0.wp.com\/academiacidada.org\/wp-content\/uploads\/2017\/10\/Capa-CriAtividade.png?fit=982%2C491&ssl=1&resize=525%2C300 1.5x, https:\/\/i0.wp.com\/academiacidada.org\/wp-content\/uploads\/2017\/10\/Capa-CriAtividade.png?fit=982%2C491&ssl=1&resize=700%2C400 2x"},"classes":[]},{"id":34,"url":"https:\/\/academiacidada.org\/en\/inicio\/","url_meta":{"origin":1521,"position":1},"title":"Home","author":"Academia Cidad\u00e3","date":"Wednesday November 27th, 2013","format":false,"excerpt":"The Citizenship Academy promotes the human person dignity in its own diversity, multiculturality and interculturality, the deepening of democracy and the construction of a universally free, fair, conscientious, critical thinking, solidary and fraternal society.","rel":"","context":"Similar post","block_context":{"text":"Similar post","link":""},"img":{"alt_text":"","src":"https:\/\/i0.wp.com\/academiacidada.org\/wp-content\/uploads\/2015\/11\/AC_pt-en.gif?fit=613%2C318&ssl=1&resize=350%2C200","width":350,"height":200,"srcset":"https:\/\/i0.wp.com\/academiacidada.org\/wp-content\/uploads\/2015\/11\/AC_pt-en.gif?fit=613%2C318&ssl=1&resize=350%2C200 1x, https:\/\/i0.wp.com\/academiacidada.org\/wp-content\/uploads\/2015\/11\/AC_pt-en.gif?fit=613%2C318&ssl=1&resize=525%2C300 1.5x"},"classes":[]},{"id":776,"url":"https:\/\/academiacidada.org\/en\/cine-cafe-transatlantico\/","url_meta":{"origin":1521,"position":2},"title":"Transatlantic Cine-Caf\u00e9","author":"Academia Cidad\u00e3","date":"Thursday April  9th, 2015","format":false,"excerpt":"Every\u00a03rd Tuesday of each month, in the heart of the city (coffee Lisboa Vadia), we show documentaries followed by debates on the topics covered by the Transatlantic Treaties - TTIP, CETA and TISA.","rel":"","context":"Similar post","block_context":{"text":"Similar post","link":""},"img":{"alt_text":"","src":"https:\/\/i0.wp.com\/academiacidada.org\/wp-content\/uploads\/2015\/04\/LOGO-CINECAFE-vector.png?fit=609%2C621&ssl=1&resize=350%2C200","width":350,"height":200,"srcset":"https:\/\/i0.wp.com\/academiacidada.org\/wp-content\/uploads\/2015\/04\/LOGO-CINECAFE-vector.png?fit=609%2C621&ssl=1&resize=350%2C200 1x, https:\/\/i0.wp.com\/academiacidada.org\/wp-content\/uploads\/2015\/04\/LOGO-CINECAFE-vector.png?fit=609%2C621&ssl=1&resize=525%2C300 1.5x"},"classes":[]},{"id":4528,"url":"https:\/\/academiacidada.org\/en\/inscricao\/","url_meta":{"origin":1521,"position":3},"title":"Inscri\u00e7\u00e3o no Encontro de integra-a\u00e7\u00e3o","author":"Academia Cidad\u00e3","date":"Friday May 28th, 2021","format":false,"excerpt":"","rel":"","context":"Similar post","block_context":{"text":"Similar post","link":""},"img":{"alt_text":"","src":"","width":0,"height":0},"classes":[]},{"id":4953,"url":"https:\/\/academiacidada.org\/en\/tornar-me-socia-o\/","url_meta":{"origin":1521,"position":4},"title":"Tornar-me S\u00f3cia\/o","author":"Academia Cidad\u00e3","date":"Monday October 30th, 2023","format":false,"excerpt":"Ap\u00f3s efetuares a tua inscri\u00e7\u00e3o, a tua categoria de s\u00f3cio ser\u00e1 atribu\u00edda mediante delibera\u00e7\u00e3o da Dire\u00e7\u00e3o que, caso seja efetiva, te contactar\u00e1 para procederes ao pagamento da j\u00f3ia (1\u20ac) e quota (9\u20ac). Ap\u00f3s confirmado o recebimento, a Dire\u00e7\u00e3o ir\u00e1 propor a ratifica\u00e7\u00e3o do teu estatuto de s\u00f3cia\/o \u00e0 Assembleia Geral\u2026","rel":"","context":"Similar post","block_context":{"text":"Similar post","link":""},"img":{"alt_text":"","src":"","width":0,"height":0},"classes":[]},{"id":2,"url":"https:\/\/academiacidada.org\/en\/manifesto\/","url_meta":{"origin":1521,"position":5},"title":"Manifesto | Who we are","author":"Academia Cidad\u00e3","date":"Wednesday November 27th, 2013","format":false,"excerpt":"Citizenship Academy promotes the deepening of democracy, human dignity in all its diversity, multiculturalism, interculturalism, and the building of a universally free, fair, conscious, critical, and solidarity-based society. We uphold the implementation of the Universal Declaration of Human Rights, the Charter of Fundamental Rights of the European Union, and the\u2026","rel":"","context":"With 7 comments","block_context":{"text":"With 7 comments","link":"https:\/\/academiacidada.org\/en\/manifesto\/#comments"},"img":{"alt_text":"","src":"https:\/\/i0.wp.com\/academiacidada.org\/wp-content\/uploads\/2015\/03\/0-geracao.jpg?fit=1000%2C463&ssl=1&resize=350%2C200","width":350,"height":200,"srcset":"https:\/\/i0.wp.com\/academiacidada.org\/wp-content\/uploads\/2015\/03\/0-geracao.jpg?fit=1000%2C463&ssl=1&resize=350%2C200 1x, https:\/\/i0.wp.com\/academiacidada.org\/wp-content\/uploads\/2015\/03\/0-geracao.jpg?fit=1000%2C463&ssl=1&resize=525%2C300 1.5x, https:\/\/i0.wp.com\/academiacidada.org\/wp-content\/uploads\/2015\/03\/0-geracao.jpg?fit=1000%2C463&ssl=1&resize=700%2C400 2x"},"classes":[]}],"jetpack_likes_enabled":false,"jetpack_sharing_enabled":true,"_links":{"self":[{"href":"https:\/\/academiacidada.org\/en\/wp-json\/wp\/v2\/pages\/1521","targetHints":{"allow":["GET"]}}],"collection":[{"href":"https:\/\/academiacidada.org\/en\/wp-json\/wp\/v2\/pages"}],"about":[{"href":"https:\/\/academiacidada.org\/en\/wp-json\/wp\/v2\/types\/page"}],"author":[{"embeddable":true,"href":"https:\/\/academiacidada.org\/en\/wp-json\/wp\/v2\/users\/1"}],"replies":[{"embeddable":true,"href":"https:\/\/academiacidada.org\/en\/wp-json\/wp\/v2\/comments?post=1521"}],"version-history":[{"count":3,"href":"https:\/\/academiacidada.org\/en\/wp-json\/wp\/v2\/pages\/1521\/revisions"}],"predecessor-version":[{"id":1548,"href":"https:\/\/academiacidada.org\/en\/wp-json\/wp\/v2\/pages\/1521\/revisions\/1548"}],"wp:featuredmedia":[{"embeddable":true,"href":"https:\/\/academiacidada.org\/en\/wp-json\/wp\/v2\/media\/1547"}],"wp:attachment":[{"href":"https:\/\/academiacidada.org\/en\/wp-json\/wp\/v2\/media?parent=1521"}],"curies":[{"name":"wp","href":"https:\/\/api.w.org\/{rel}","templated":true}]}}